{"id":15016,"date":"2019-02-18T12:50:39","date_gmt":"2019-02-18T11:50:39","guid":{"rendered":"https:\/\/www.polypal.com\/conseil-juridique"},"modified":"2024-01-26T15:24:39","modified_gmt":"2024-01-26T14:24:39","slug":"conseil-juridique","status":"publish","type":"page","link":"https:\/\/www.polypal.com\/be-fr\/conseil-juridique\/","title":{"rendered":"Mentions l\u00e9gales"},"content":{"rendered":"<div class=\"text-block\">\n<div class=\"typography typography--body content text-block__content\">\n<div>\n<p>&nbsp;<\/p>\n<p>Mentions l\u00e9gales<br \/>\nCe site web, est la propri\u00e9t\u00e9 de POLYPAL STORAGE SYSTEMS, S.A. (ci-apr\u00e8s POLYPAL), avec NIF A48007223, inscrite au Registre du Commerce de Biscaye, Livre 36 des Soci\u00e9t\u00e9s, page 1.599, Inscription 1, \u00e9tablie \u00e0 Bidebarrieta rue 1A \u00e0 Iurreta (Biscay \u2013 Espagne), avec t\u00e9l\u00e9phone +34 94 621 05 00.<\/p>\n<p>Propri\u00e9t\u00e9 intellectuelle et industrielle<br \/>\nLe design du site et ses codes sources, ainsi que les logos, marques et autres signes distinctifs sont la propri\u00e9t\u00e9 de POLYPAL et sont prot\u00e9g\u00e9s par les droits de propri\u00e9t\u00e9 intellectuelle et industrielle correspondants.<\/p>\n<p>Responsabilit\u00e9 du contenu<br \/>\nPOLYPAL se r\u00e9serve le droit d\u2019apporter des modifications au site web sans pr\u00e9avis, afin de maintenir vos informations \u00e0 jour, en ajoutant, modifiant, corrigeant ou \u00e9liminant les contenus publi\u00e9s ou la conception du site web.<br \/>\nPOLYPAL ne sera pas responsable de l\u2019utilisation par des tiers des informations publi\u00e9es sur le site.<\/p>\n<p>Reproduction des contenus<br \/>\nLa reproduction totale ou partielle des contenus publi\u00e9s sur ce site est interdite.<\/p>\n<p>Droit applicable<br \/>\nLa loi espagnole s\u2019appliquera en cas de litige ou de conflit d\u2019interpr\u00e9tation des termes qui composent cette notice l\u00e9gale, ainsi que pour toute question relative aux services de ce site.<\/p>\n<\/div>\n<\/div>\n<\/div>\n<p>&nbsp;<\/p>\n<p>&nbsp;<\/p>\n","protected":false},"excerpt":{"rendered":"<p>&nbsp; Mentions l\u00e9gales Ce site web, est la propri\u00e9t\u00e9 de POLYPAL STORAGE SYSTEMS, S.A. (ci-apr\u00e8s POLYPAL), avec NIF A48007223, inscrite au Registre du Commerce de Biscaye, Livre 36 des Soci\u00e9t\u00e9s, page 1.599, Inscription 1, \u00e9tablie \u00e0 Bidebarrieta rue 1A \u00e0 Iurreta (Biscay \u2013 Espagne), avec t\u00e9l\u00e9phone +34 94 621 05 00. Propri\u00e9t\u00e9 intellectuelle et industrielle [&hellip;]<\/p>\n","protected":false},"author":1,"featured_media":0,"parent":0,"menu_order":0,"comment_status":"closed","ping_status":"closed","template":"","meta":{"content-type":"","footnotes":""},"class_list":["post-15016","page","type-page","status-publish","hentry"],"_links":{"self":[{"href":"https:\/\/www.polypal.com\/be-fr\/wp-json\/wp\/v2\/pages\/15016","targetHints":{"allow":["GET"]}}],"collection":[{"href":"https:\/\/www.polypal.com\/be-fr\/wp-json\/wp\/v2\/pages"}],"about":[{"href":"https:\/\/www.polypal.com\/be-fr\/wp-json\/wp\/v2\/types\/page"}],"author":[{"embeddable":true,"href":"https:\/\/www.polypal.com\/be-fr\/wp-json\/wp\/v2\/users\/1"}],"replies":[{"embeddable":true,"href":"https:\/\/www.polypal.com\/be-fr\/wp-json\/wp\/v2\/comments?post=15016"}],"version-history":[{"count":0,"href":"https:\/\/www.polypal.com\/be-fr\/wp-json\/wp\/v2\/pages\/15016\/revisions"}],"wp:attachment":[{"href":"https:\/\/www.polypal.com\/be-fr\/wp-json\/wp\/v2\/media?parent=15016"}],"curies":[{"name":"wp","href":"https:\/\/api.w.org\/{rel}","templated":true}]}}