{"id":25380,"date":"2019-02-18T12:50:39","date_gmt":"2019-02-18T11:50:39","guid":{"rendered":"https:\/\/polypal.com\/?page_id=25380"},"modified":"2025-06-11T11:01:47","modified_gmt":"2025-06-11T09:01:47","slug":"aviso-legal","status":"publish","type":"page","link":"https:\/\/www.polypal.com\/cl\/aviso-legal\/","title":{"rendered":"Aviso Legal"},"content":{"rendered":"<p>&nbsp;<\/p>\n<p>POLYPAL Storage Systems,S.A. Sociedad inscrita en el Registro Mercantil de Vizcaya (Espa\u00f1a), Hoja BI-1458A, Folio 47 \u2013 C.I.F. ESA48007223<\/p>\n<div class=\"wrapper\">\n<div class=\"pmrgn\">\n<p>Protecci\u00f3n de datos personales y comercio electr\u00f3nico.<\/p>\n<p>El acceso del Usuario al sitio web y la adquisici\u00f3n de los productos, servicios, y\/o uso de contenidos o herramientas a trav\u00e9s del sitio web implica el tratamiento de datos de car\u00e1cter personal. Para POLYPAL Storage Systems,S.A., en adelante POLYPAL, reviste una gran importancia el cumplimiento de la normativa sobre protecci\u00f3n de datos de car\u00e1cter personal y sobre servicios de la sociedad de la informaci\u00f3n y comercio electr\u00f3nico.<\/p>\n<p>Generalmente, las personas que hagan uso del sitio web lo hacen sin necesidad de facilitar ning\u00fan dato de car\u00e1cter personal. No obstante, para acceder a los productos servicios, contenidos y\/o herramientas, el Usuario, en ciertos casos deber\u00e1 facilitar ciertos datos de car\u00e1cter personal. POLYPAL garantiza la confidencialidad de los datos de car\u00e1cter personal facilitados por el Usuario, seg\u00fan lo establecido en la normativa sobre Protecci\u00f3n de Datos de Car\u00e1cter Personal, y sobre Servicios de la Sociedad de la Informaci\u00f3n y de Comercio Electr\u00f3nico.<\/p>\n<p>POLYPAL cumple la legislaci\u00f3n vigente en materia de protecci\u00f3n de datos, habiendo adoptado los procedimientos administrativos y t\u00e9cnicos necesarios para garantizar la seguridad de los datos personales recopilados.<\/p>\n<p>En este sentido, el Usuario queda informado y presta su consentimiento para la incorporaci\u00f3n de sus datos a los ficheros automatizados titularidad de POLYPAL Storage Systems S.A., domiciliada en la calle Bidebarrieta, n\u00famero 1 A de Iurreta \u2013 Vizcaya (Espa\u00f1a), debidamente inscritos ante el Registro General de Protecci\u00f3n de Datos de Car\u00e1cter Personal, y para el tratamiento automatizado de sus datos, consecuencia de la consulta, solicitud o contrataci\u00f3n de cualquier servicio o producto, o de cualquier transacci\u00f3n u operaci\u00f3n realizada, al objeto de acceder a la informaci\u00f3n y a los servicios facilitados por POLYPAL a trav\u00e9s de su p\u00e1gina web, y en su caso para el mantenimiento de la relaci\u00f3n contractual, as\u00ed como para el env\u00edo de ofertas o comunicaciones publicitarias y promocionales.<\/p>\n<p>Asimismo el Usuario consiente expresamente que sus datos personales puedan ser transferidos a los Representantes de POLYPAL y\/o Distribuidores Autorizados exclusivamente para las finalidades se\u00f1aladas en el p\u00e1rrafo anterior en la forma y con limitaciones establecidas en la Ley Org\u00e1nica de Protecci\u00f3n de Datos de Car\u00e1cter Personal y en la Instrucci\u00f3n 1\/2000 relativa a las normas que rigen los movimientos internacionales de datos.<\/p>\n<p>El Usuario manifiesta que todos los datos facilitados por \u00e9l son ciertos y correctos, y se compromete a comunicar a POLYPAL los cambios que se produzcan en los mismos. El Usuario tiene derecho a oponerse al tratamiento de cualquiera de sus datos que no sean imprescindibles para la celebraci\u00f3n del contrato y a su utilizaci\u00f3n para cualquier finalidad distinta del mantenimiento de su relaci\u00f3n contractual.<\/p>\n<p>La pol\u00edtica de privacidad de POLYPAL garantiza al Usuario en todo caso la posibilidad de ejercitar su derecho de acceso, rectificaci\u00f3n, cancelaci\u00f3n y oposici\u00f3n de sus datos, notific\u00e1ndolo a POLYPAL enviando un e-mail a la direcci\u00f3n de correo electr\u00f3nico info@polypal.com, o mediante carta dirigida a la atenci\u00f3n del departamento de Asuntos Legales a la direcci\u00f3n Bidebarrieta, 1 A, 48.215 Iurreta \u2013 Vizcaya (Espa\u00f1a).<\/p>\n<p>Asimismo, y en cumplimiento de la Ley 34\/2002 de Servicios de la Sociedad de la Informaci\u00f3n y Comercio Electr\u00f3nico, POLYPAL exclusivamente enviar\u00e1 ofertas o comunicaciones publicitarias y promocionales por v\u00eda electr\u00f3nica a su direcci\u00f3n de correo electr\u00f3nico o a trav\u00e9s de otro medio de comunicaci\u00f3n electr\u00f3nica equivalente a aquellos usuarios que hayan otorgado expresamente su consentimiento.<\/p>\n<p>POLYPAL informa al Usuario que podr\u00e1 darse de baja de este tipo de comunicaciones, siguiendo las instrucciones que aparecen al final de todos nuestro correos electr\u00f3nicos o comunic\u00e1ndolo por escrito a la direcci\u00f3n de correo electr\u00f3nico info@polypal.com o a la siguiente direcci\u00f3n de correo postal: POLYPAL Storage Systems, S.A. Calle Bidebarrieta, 1 A, 48.215 Iurreta \u2013 Vizcaya (Espa\u00f1a).<\/p>\n<\/div>\n<\/div>\n<p>&nbsp;<\/p>\n","protected":false},"excerpt":{"rendered":"<p>&nbsp; POLYPAL Storage Systems,S.A. Sociedad inscrita en el Registro Mercantil de Vizcaya (Espa\u00f1a), Hoja BI-1458A, Folio 47 \u2013 C.I.F. ESA48007223 Protecci\u00f3n de datos personales y comercio electr\u00f3nico. El acceso del Usuario al sitio web y la adquisici\u00f3n de los productos, servicios, y\/o uso de contenidos o herramientas a trav\u00e9s del sitio web implica el tratamiento [&hellip;]<\/p>\n","protected":false},"author":7,"featured_media":0,"parent":0,"menu_order":0,"comment_status":"closed","ping_status":"closed","template":"","meta":{"content-type":"","footnotes":""},"class_list":["post-25380","page","type-page","status-publish","hentry"],"_links":{"self":[{"href":"https:\/\/www.polypal.com\/cl\/wp-json\/wp\/v2\/pages\/25380","targetHints":{"allow":["GET"]}}],"collection":[{"href":"https:\/\/www.polypal.com\/cl\/wp-json\/wp\/v2\/pages"}],"about":[{"href":"https:\/\/www.polypal.com\/cl\/wp-json\/wp\/v2\/types\/page"}],"author":[{"embeddable":true,"href":"https:\/\/www.polypal.com\/cl\/wp-json\/wp\/v2\/users\/7"}],"replies":[{"embeddable":true,"href":"https:\/\/www.polypal.com\/cl\/wp-json\/wp\/v2\/comments?post=25380"}],"version-history":[{"count":0,"href":"https:\/\/www.polypal.com\/cl\/wp-json\/wp\/v2\/pages\/25380\/revisions"}],"wp:attachment":[{"href":"https:\/\/www.polypal.com\/cl\/wp-json\/wp\/v2\/media?parent=25380"}],"curies":[{"name":"wp","href":"https:\/\/api.w.org\/{rel}","templated":true}]}}