{"id":33827,"date":"2024-11-22T11:38:54","date_gmt":"2024-11-22T10:38:54","guid":{"rendered":"https:\/\/www.polypal.com\/preguntas-frecuentes\/"},"modified":"2024-11-22T11:38:54","modified_gmt":"2024-11-22T10:38:54","slug":"preguntas-frecuentes","status":"publish","type":"page","link":"https:\/\/www.polypal.com\/cl\/preguntas-frecuentes\/","title":{"rendered":"Preguntas frecuentes"},"content":{"rendered":"<p>&nbsp;<\/p>\n<p>&nbsp;<\/p>\n<table style=\"width: 72.5153%; height: 2563px;\" width=\"689\">\n<tbody>\n<tr style=\"height: 56px;\">\n<td style=\"width: 100%; height: 56px;\" width=\"689\"><strong>1. \u00bfQu\u00e9 sistemas de estanter\u00edas industriales ofrece POLYPAL y cu\u00e1les son las adecuadas para mi almac\u00e9n?<\/strong><\/td>\n<\/tr>\n<tr style=\"height: 120px;\">\n<td style=\"width: 100%; height: 120px;\" width=\"689\">Tenemos una gama amplia de estanter\u00edas de almacenaje:<\/p>\n<ul>\n<li>Estanter\u00edas para carga paletizada: estanter\u00edas de paletizaci\u00f3n convencional, estanter\u00edas para pasillo estrecho, estanter\u00edas compactas, estanter\u00edas para carro sat\u00e9lite, estanter\u00edas din\u00e1micas o estanter\u00edas m\u00f3viles.<\/li>\n<li>Estanter\u00edas de picking para cargas medias y cargas ligeras.<\/li>\n<li>Estanter\u00edas cantilever.<\/li>\n<\/ul>\n<p>La elecci\u00f3n del sistema depende del tipo de carga, el espacio disponible y el flujo de trabajo en tu almac\u00e9n. Nuestro equipo t\u00e9cnico realiza un an\u00e1lisis de tus necesidades log\u00edsticas y operativas para recomendar la soluci\u00f3n que m\u00e1s optimice el espacio y la operativa log\u00edstica de tu almac\u00e9n.<\/td>\n<\/tr>\n<tr style=\"height: 24px;\">\n<td style=\"width: 100%; height: 24px;\" width=\"689\"><\/td>\n<\/tr>\n<tr style=\"height: 56px;\">\n<td style=\"width: 100%; height: 56px;\" width=\"689\"><strong>2. \u00bfQu\u00e9 factores debo considerar para elegir el tipo de estanter\u00edas?<\/strong><\/td>\n<\/tr>\n<tr style=\"height: 72px;\">\n<td style=\"width: 100%; height: 72px;\" width=\"689\">Es esencial conocer el peso y las dimensiones de los productos a almacenar, la unidad de carga, el flujo de rotaci\u00f3n y el tipo de manipulaci\u00f3n que se realiza en el almac\u00e9n. Nuestro equipo t\u00e9cnico te puede asesorar sobre el sistema que mejor se adapta a tus necesidades.<\/td>\n<\/tr>\n<tr style=\"height: 24px;\">\n<td style=\"width: 100%; height: 24px;\" width=\"689\"><\/td>\n<\/tr>\n<tr style=\"height: 56px;\">\n<td style=\"width: 100%; height: 56px;\" width=\"689\"><strong>3. \u00bfC\u00f3mo puedo garantizar la seguridad de mis estanter\u00edas?<\/strong><\/td>\n<\/tr>\n<tr style=\"height: 96px;\">\n<td style=\"width: 100%; height: 96px;\" width=\"689\">La seguridad es nuestra prioridad. Nuestras estanter\u00edas cumplen con los m\u00e1s altos est\u00e1ndares de calidad y las normativas europeas. Adem\u00e1s, disponemos de accesorios de seguridad que pueden instalarse en las estanter\u00edas y minimizan los golpes accidentales producidos por los equipos de manutenci\u00f3n. Asimismo, ofrecemos un servicio de inspecciones t\u00e9cnicas de estanter\u00edas que permite evaluar y mantener la integridad estructural, garantizando la protecci\u00f3n de los operarios y las mercanc\u00edas almacenadas.<\/td>\n<\/tr>\n<tr style=\"height: 24px;\">\n<td style=\"width: 100%; height: 24px;\" width=\"689\"><\/td>\n<\/tr>\n<tr style=\"height: 56px;\">\n<td style=\"width: 100%; height: 56px;\" width=\"689\"><strong>4. \u00bfQu\u00e9 mantenimiento requieren las estanter\u00edas y entreplantas para un rendimiento \u00f3ptimo?<\/strong><\/td>\n<\/tr>\n<tr style=\"height: 72px;\">\n<td style=\"width: 100%; height: 72px;\" width=\"689\">Las estanter\u00edas requieren un mantenimiento preventivo que incluye inspecciones peri\u00f3dicas de la estructura y la evaluaci\u00f3n de desgaste o da\u00f1os. Para ello, contamos con un equipo de expertos que realiza las inspecciones t\u00e9cnicas de las estanter\u00edas. Realizar un mantenimiento adecuado garantizar\u00e1 la m\u00e1xima eficiencia y seguridad del sistema, adem\u00e1s de prolongar la inversi\u00f3n realizada.<\/td>\n<\/tr>\n<tr style=\"height: 24px;\">\n<td style=\"width: 100%; height: 24px;\" width=\"689\"><\/td>\n<\/tr>\n<tr style=\"height: 56px;\">\n<td style=\"width: 100%; height: 56px;\" width=\"689\"><strong>5. \u00bfC\u00f3mo adapt\u00e1is vuestros sistemas de almacenaje a las necesidades de cada cliente?<\/strong><\/td>\n<\/tr>\n<tr style=\"height: 72px;\">\n<td style=\"width: 100%; height: 72px;\" width=\"689\">Dise\u00f1amos soluciones personalizadas tras realizar un an\u00e1lisis exhaustivo del espacio disponible, tipo de productos a almacenar y operativa del almac\u00e9n. Nuestro equipo t\u00e9cnico trabajar\u00e1 contigo para asegurar que el sistema de almacenaje optimice tanto el espacio como la operativa diaria de tu almac\u00e9n.<\/td>\n<\/tr>\n<tr style=\"height: 24px;\">\n<td style=\"width: 100%; height: 24px;\" width=\"689\"><\/td>\n<\/tr>\n<tr style=\"height: 56px;\">\n<td style=\"width: 100%; height: 56px;\" width=\"689\"><strong>6. \u00bfOfrec\u00e9is servicio de instalaci\u00f3n para vuestros sistemas de almacenaje?<\/strong><\/td>\n<\/tr>\n<tr style=\"height: 72px;\">\n<td style=\"width: 100%; height: 72px;\" width=\"689\">S\u00ed, contamos con equipos de montaje profesionales especializados en la instalaci\u00f3n de estanter\u00edas y entreplantas. Adem\u00e1s, nuestra normativa de gesti\u00f3n nos permite controlar el montaje de la instalaci\u00f3n de principio a fin. La garant\u00eda de nuestros sistemas de almacenaje est\u00e1 directamente vinculada al montaje realizado por nuestros equipos profesionales. Esto asegura que la instalaci\u00f3n cumpla con los est\u00e1ndares de calidad y seguridad que ofrecemos. Auditamos el lugar de la instalaci\u00f3n para garantizar un montaje correcto y asegurar el cumplimiento de la normativa en todo momento.<\/td>\n<\/tr>\n<tr style=\"height: 24px;\">\n<td style=\"width: 100%; height: 24px;\" width=\"689\"><\/td>\n<\/tr>\n<tr style=\"height: 56px;\">\n<td style=\"width: 100%; height: 56px;\" width=\"689\"><strong>7. \u00bfQu\u00e9 sistemas de almacenaje permiten un mayor aprovechamiento del espacio?<\/strong><\/td>\n<\/tr>\n<tr style=\"height: 72px;\">\n<td style=\"width: 100%; height: 72px;\" width=\"689\">Las entreplantas y los sistemas compactos, como las estanter\u00edas drive-in o din\u00e1micas, maximizan el uso del espacio disponible y optimizan el flujo log\u00edstico, lo que permite un aprovechamiento del volumen mayor respecto a otro tipo de estanter\u00edas.<\/td>\n<\/tr>\n<tr style=\"height: 24px;\">\n<td style=\"width: 100%; height: 24px;\" width=\"689\"><\/td>\n<\/tr>\n<tr style=\"height: 56px;\">\n<td style=\"width: 100%; height: 56px;\" width=\"689\"><strong>8. \u00bfCu\u00e1les son las ventajas de instalar entreplantas en mi almac\u00e9n?<\/strong><\/td>\n<\/tr>\n<tr style=\"height: 72px;\">\n<td style=\"width: 100%; height: 72px;\" width=\"689\">Las entreplantas permiten aprovechar el espacio en altura de tu almac\u00e9n, f\u00e1brica o local sin necesidad de realizar obras. Son ideales para incrementar la capacidad de stock, a\u00f1adir nuevas \u00e1reas de trabajo o integrar zonas de picking. El sistema de entreplantas POLYPAL es totalmente desmontable, ofreciendo flexibilidad para su modificaci\u00f3n, ampliaci\u00f3n o traslado.<\/td>\n<\/tr>\n<tr style=\"height: 24px;\">\n<td style=\"width: 100%; height: 24px;\" width=\"689\"><\/td>\n<\/tr>\n<tr style=\"height: 56px;\">\n<td style=\"width: 100%; height: 56px;\" width=\"689\"><strong>9. \u00bfCu\u00e1nto tiempo lleva la instalaci\u00f3n de una entreplanta o de un sistema de estanter\u00edas?<\/strong><\/td>\n<\/tr>\n<tr style=\"height: 48px;\">\n<td style=\"width: 100%; height: 48px;\" width=\"689\">El tiempo de instalaci\u00f3n var\u00eda seg\u00fan el tama\u00f1o y la complejidad del sistema. Tras realizar un estudio t\u00e9cnico, nuestro equipo te dar\u00e1 un plazo de ejecuci\u00f3n estimado. Nos aseguramos de que el proceso sea r\u00e1pido y eficiente, sin interferir en la actividad diaria de tu almac\u00e9n.<\/td>\n<\/tr>\n<tr style=\"height: 24px;\">\n<td style=\"width: 100%; height: 24px;\" width=\"689\"><\/td>\n<\/tr>\n<tr style=\"height: 56px;\">\n<td style=\"width: 100%; height: 56px;\" width=\"689\"><strong>10. \u00bfOfrec\u00e9is asesoramiento para reorganizar o redise\u00f1ar el sistema de almacenaje en mi almac\u00e9n?<\/strong><\/td>\n<\/tr>\n<tr style=\"height: 48px;\">\n<td style=\"width: 100%; height: 48px;\" width=\"689\">S\u00ed, nuestros expertos pueden asesorarte en la reorganizaci\u00f3n y optimizaci\u00f3n de tu almac\u00e9n. Realizamos auditor\u00edas de flujo y capacidad, proponiendo mejoras adaptadas a tu log\u00edstica para optimizar el espacio y mejorar la eficiencia operativa.<\/td>\n<\/tr>\n<tr style=\"height: 24px;\">\n<td style=\"width: 100%; height: 24px;\" width=\"689\"><\/td>\n<\/tr>\n<tr style=\"height: 56px;\">\n<td style=\"width: 100%; height: 56px;\" width=\"689\"><strong>11. \u00bfOfrec\u00e9is servicio de asesoramiento antes de realizar la orden de pedido?<\/strong><\/td>\n<\/tr>\n<tr style=\"height: 72px;\">\n<td style=\"width: 100%; height: 72px;\" width=\"689\">S\u00ed, ofrecemos un servicio de asesoramiento previo a la compra para entender las necesidades espec\u00edficas de cada cliente. Nuestro equipo t\u00e9cnico analiza el espacio disponible y los requisitos log\u00edsticos para recomendar la soluci\u00f3n que mejor optimice la capacidad de almacenaje y facilite las operaciones diarias.<\/td>\n<\/tr>\n<tr style=\"height: 24px;\">\n<td style=\"width: 100%; height: 24px;\" width=\"689\"><\/td>\n<\/tr>\n<tr style=\"height: 80px;\">\n<td style=\"width: 100%; height: 80px;\" width=\"689\"><strong>12. \u00bfEs posible recibir una formaci\u00f3n para el personal de mi empresa sobre el uso adecuado de los sistemas de almacenaje?<\/strong><\/td>\n<\/tr>\n<tr style=\"height: 72px;\">\n<td style=\"width: 100%; height: 72px;\" width=\"689\">S\u00ed, ofrecemos programas de formaci\u00f3n para tu equipo sobre el uso seguro y eficiente de nuestras estanter\u00edas, prevenci\u00f3n y seguridad en la operativa, as\u00ed como pautas para detectar y valorar da\u00f1os en las estanter\u00edas. Este tipo de formaciones ayudan a prolongar la vida \u00fatil del sistema de almacenaje.<\/td>\n<\/tr>\n<tr style=\"height: 24px;\">\n<td style=\"width: 100%; height: 24px;\" width=\"689\"><\/td>\n<\/tr>\n<tr style=\"height: 56px;\">\n<td style=\"width: 100%; height: 56px;\" width=\"689\"><strong>13. \u00bfQu\u00e9 tipo de soporte ofrec\u00e9is despu\u00e9s de la instalaci\u00f3n del sistema de almacenaje?<\/strong><\/td>\n<\/tr>\n<tr style=\"height: 48px;\">\n<td style=\"width: 100%; height: 48px;\" width=\"689\">A trav\u00e9s de nuestro servicio de mantenimiento y reparaciones brindamos soporte continuo tras la instalaci\u00f3n. Realizamos formaci\u00f3n en el uso correcto del sistema de almacenaje e inspecciones t\u00e9cnicas de estanter\u00edas.<\/td>\n<\/tr>\n<tr style=\"height: 24px;\">\n<td style=\"width: 100%; height: 24px;\" width=\"689\"><\/td>\n<\/tr>\n<tr style=\"height: 56px;\">\n<td style=\"width: 100%; height: 56px;\" width=\"689\"><strong>14. \u00bfC\u00f3mo pueden las estanter\u00edas de picking ayudar a reducir los tiempos de preparaci\u00f3n de pedidos?<\/strong><\/td>\n<\/tr>\n<tr style=\"height: 72px;\">\n<td style=\"width: 100%; height: 72px;\" width=\"689\">Las estanter\u00edas de picking facilitan la organizaci\u00f3n y el acceso r\u00e1pido a productos espec\u00edficos, minimizando el tiempo que los operarios dedican a buscar art\u00edculos en el almac\u00e9n. Esto es especialmente beneficioso en almacenes con un volumen alto de pedidos, ya que permite reducir tiempos de preparaci\u00f3n, mejorar la precisi\u00f3n en el picking y aumentar la eficiencia operativa en general.<\/td>\n<\/tr>\n<tr style=\"height: 24px;\">\n<td style=\"width: 100%; height: 24px;\" width=\"689\"><\/td>\n<\/tr>\n<tr style=\"height: 56px;\">\n<td style=\"width: 100%; height: 56px;\" width=\"689\"><strong>15. \u00bfSe pueden combinar las estanter\u00edas de picking con otros tipos de almacenamiento industrial?<\/strong><\/td>\n<\/tr>\n<tr style=\"height: 72px;\">\n<td style=\"width: 100%; height: 72px;\" width=\"689\">S\u00ed, las estanter\u00edas de picking pueden instalarse con otros sistemas de almacenaje como las estanter\u00edas de paletizaci\u00f3n o incluso entreplantas. Esto permite crear un sistema mixto que aprovecha el espacio y facilita la organizaci\u00f3n en funci\u00f3n de las necesidades de acceso, tipos de productos y flujo de trabajo en el almac\u00e9n.<\/td>\n<\/tr>\n<tr style=\"height: 24px;\">\n<td style=\"width: 100%; height: 24px;\" width=\"689\"><\/td>\n<\/tr>\n<tr style=\"height: 56px;\">\n<td style=\"width: 100%; height: 56px;\"><strong>16. \u00bfQu\u00e9 tipos de estanter\u00edas para oficina ofrec\u00e9is y c\u00f3mo pueden mejorar la organizaci\u00f3n de documentos?<\/strong><\/td>\n<\/tr>\n<tr style=\"height: 96px;\">\n<td style=\"width: 100%; height: 99px;\" width=\"689\">Ofrecemos estanter\u00edas para oficina que facilitan la organizaci\u00f3n de documentos y archivos en entornos laborales. Son f\u00e1ciles de montar y gracias a sus accesorios en clip, permiten cambios r\u00e1pidos de configuraci\u00f3n. La gama de accesorios est\u00e1 compuesta por bandejas de secci\u00f3n, portacarpetas extra\u00edbles, cajones extra\u00edbles, separadores para crear diferentes secciones en una misma bandeja o barras colgadoras, entre otros.<\/td>\n<\/tr>\n<tr style=\"height: 24px;\">\n<td style=\"width: 100%; height: 10px;\" width=\"689\"><\/td>\n<\/tr>\n<\/tbody>\n<\/table>\n<p>&nbsp;<\/p>\n<p>&nbsp;<\/p>\n","protected":false},"excerpt":{"rendered":"<p>&nbsp; &nbsp; 1. \u00bfQu\u00e9 sistemas de estanter\u00edas industriales ofrece POLYPAL y cu\u00e1les son las adecuadas para mi almac\u00e9n? Tenemos una gama amplia de estanter\u00edas de almacenaje: Estanter\u00edas para carga paletizada: estanter\u00edas de paletizaci\u00f3n convencional, estanter\u00edas para pasillo estrecho, estanter\u00edas compactas, estanter\u00edas para carro sat\u00e9lite, estanter\u00edas din\u00e1micas o estanter\u00edas m\u00f3viles. Estanter\u00edas de picking para cargas medias [&hellip;]<\/p>\n","protected":false},"author":4,"featured_media":0,"parent":0,"menu_order":0,"comment_status":"closed","ping_status":"closed","template":"","meta":{"content-type":"","footnotes":""},"class_list":["post-33827","page","type-page","status-publish","hentry"],"_links":{"self":[{"href":"https:\/\/www.polypal.com\/cl\/wp-json\/wp\/v2\/pages\/33827","targetHints":{"allow":["GET"]}}],"collection":[{"href":"https:\/\/www.polypal.com\/cl\/wp-json\/wp\/v2\/pages"}],"about":[{"href":"https:\/\/www.polypal.com\/cl\/wp-json\/wp\/v2\/types\/page"}],"author":[{"embeddable":true,"href":"https:\/\/www.polypal.com\/cl\/wp-json\/wp\/v2\/users\/4"}],"replies":[{"embeddable":true,"href":"https:\/\/www.polypal.com\/cl\/wp-json\/wp\/v2\/comments?post=33827"}],"version-history":[{"count":0,"href":"https:\/\/www.polypal.com\/cl\/wp-json\/wp\/v2\/pages\/33827\/revisions"}],"wp:attachment":[{"href":"https:\/\/www.polypal.com\/cl\/wp-json\/wp\/v2\/media?parent=33827"}],"curies":[{"name":"wp","href":"https:\/\/api.w.org\/{rel}","templated":true}]}}