{"id":8780,"date":"2019-07-11T11:26:01","date_gmt":"2019-07-11T09:26:01","guid":{"rendered":"https:\/\/www.polypal.com\/politica-de-cookies"},"modified":"2024-04-04T16:19:24","modified_gmt":"2024-04-04T14:19:24","slug":"politica-de-cookies","status":"publish","type":"page","link":"https:\/\/www.polypal.com\/co\/politica-de-cookies\/","title":{"rendered":"Pol\u00edtica de cookies"},"content":{"rendered":"<div class=\"text-block\">\n<div class=\"typography typography--body content text-block__content li-style\">\n<div>\n<p>&nbsp;<\/p>\n<p>Cookie\u202fes un fichero que se descarga en su ordenador al acceder a determinadas p\u00e1ginas web. Las cookies permiten a una p\u00e1gina web, entre otras cosas, almacenar y recuperar informaci\u00f3n sobre los h\u00e1bitos de navegaci\u00f3n de un usuario o de su equipo y, dependiendo de la informaci\u00f3n que contengan y de la forma en que utilice su equipo, pueden utilizarse para reconocer al usuario.<\/p>\n<p>El navegador del usuario memoriza cookies en el disco duro solamente durante la sesi\u00f3n actual ocupando un espacio de memoria m\u00ednimo y no perjudicando al ordenador. Las cookies no contienen ninguna clase de informaci\u00f3n personal espec\u00edfica, y la mayor\u00eda de las mismas se borran del disco duro al finalizar la sesi\u00f3n de navegador (las denominadas cookies de sesi\u00f3n).<\/p>\n<p>La mayor\u00eda de los navegadores aceptan como est\u00e1ndar a las cookies y, con independencia de las mismas, permiten o impiden en los ajustes de seguridad las cookies temporales o memorizadas.<\/p>\n<p>Sin su expreso consentimiento \u2013mediante la activaci\u00f3n de las cookies en su navegador\u2013POLYPAL no enlazar\u00e1 en las cookies los datos memorizados con sus datos personales proporcionados en el momento del registro o la compra.<\/p>\n<p>\u00bfQu\u00e9 tipos de cookies utiliza esta p\u00e1gina web?<\/p>\n<p>\u2013 <strong>Cookies\u202ft\u00e9cnicas<\/strong>: Son aqu\u00e9llas que permiten al usuario la navegaci\u00f3n a trav\u00e9s de una p\u00e1gina web, plataforma o aplicaci\u00f3n y la utilizaci\u00f3n de las diferentes opciones o servicios que en ella existan como, por ejemplo, controlar el tr\u00e1fico y la comunicaci\u00f3n de datos, identificar la sesi\u00f3n, acceder a partes de acceso restringido, recordar los elementos que integran un pedido, realizar el proceso de compra de un pedido, realizar la solicitud de inscripci\u00f3n o participaci\u00f3n en un evento, utilizar elementos de seguridad durante la navegaci\u00f3n, almacenar contenidos para la difusi\u00f3n de videos o sonido o compartir contenidos a trav\u00e9s de redes sociales.<\/p>\n<p>\u2013 <strong>Cookies\u202fde personalizaci\u00f3n<\/strong>: Son aqu\u00e9llas que permiten al usuario acceder al servicio con algunas caracter\u00edsticas de car\u00e1cter general predefinidas en funci\u00f3n de una serie de criterios en el terminal del usuario como por ejemplo serian el idioma, el tipo de navegador a trav\u00e9s del cual accede al servicio, la configuraci\u00f3n regional desde donde accede al servicio, etc.<\/p>\n<p>\u2013 <strong>Cookies de an\u00e1lisis<\/strong>: Son aqu\u00e9llas que bien tratadas por nosotros o por terceros, nos permiten cuantificar el n\u00famero de usuarios y as\u00ed realizar la medici\u00f3n y an\u00e1lisis estad\u00edstico de la utilizaci\u00f3n que hacen los usuarios del servicio ofertado. Para ello se analiza su navegaci\u00f3n en nuestra p\u00e1gina web con el fin de mejorar la oferta de productos o servicios que le ofrecemos.<\/p>\n<p>\u2013 <strong>Cookies de terceros<\/strong>: La Web de POLYPAL puede utilizar\u202fservicios de terceros que, recopilaran informaci\u00f3n con fines estad\u00edsticos, de uso del Site por parte del usuario y para la prestaci\u00f3n de otros servicios relacionados con la actividad del Website y otros servicios de Internet.<\/p>\n<p>En particular, este sitio Web utiliza Google Analytics, un servicio anal\u00edtico de web prestado por Google, Inc. con domicilio en los Estados Unidos.\u202f Para la prestaci\u00f3n de estos servicios, estos\u202futilizan cookies que recopilan la informaci\u00f3n, incluida la direcci\u00f3n IP del usuario, que ser\u00e1\u202ftransmitida, tratada y almacenada por\u202fGoogle\u202fen los t\u00e9rminos fijados en la Web Google.com. Incluyendo la posible\u202ftransmisi\u00f3n de dicha informaci\u00f3n a terceros por razones de exigencia legal o cuando dichos terceros\u202fprocesen la informaci\u00f3n por cuenta de Google.<\/p>\n<p>&nbsp;<\/p>\n<\/div>\n<p><strong>Cookies propias<\/strong><\/p>\n<table dir=\"ltr\" style=\"width: 73.4125%; height: 92px;\" border=\"1\" cellspacing=\"0\" cellpadding=\"0\" data-sheets-root=\"1\">\n<colgroup>\n<col width=\"186\" \/>\n<col width=\"186\" \/>\n<col width=\"627\" \/><\/colgroup>\n<tbody>\n<tr style=\"height: 24px;\">\n<td style=\"width: 18.57%; height: 24px;\" data-sheets-value=\"{&quot;1&quot;:2,&quot;2&quot;:&quot;Origen&quot;}\">Origen<\/td>\n<td style=\"width: 22.7257%; height: 24px;\" data-sheets-value=\"{&quot;1&quot;:2,&quot;2&quot;:&quot;Nombre&quot;}\">Nombre<\/td>\n<td style=\"width: 58.5057%; height: 24px;\" data-sheets-value=\"{&quot;1&quot;:2,&quot;2&quot;:&quot;Prop\u00f3sito&quot;}\">Prop\u00f3sito<\/td>\n<\/tr>\n<tr style=\"height: 68px;\">\n<td style=\"width: 18.57%; height: 68px;\" data-sheets-value=\"{&quot;1&quot;:2,&quot;2&quot;:&quot;Polypal&quot;}\">Polypal<\/td>\n<td style=\"width: 22.7257%; height: 68px;\" data-sheets-value=\"{&quot;1&quot;:2,&quot;2&quot;:&quot;moove_gdpr_popup&quot;}\">moove_gdpr_popup<\/td>\n<td style=\"width: 58.5057%; height: 68px;\" data-sheets-value=\"{&quot;1&quot;:2,&quot;2&quot;:&quot;Cookie empleada para mantener registro de la conformidad del usuario con la pol\u00edtica de privacidad.&quot;}\">Cookie empleada para mantener registro de la conformidad del usuario con la pol\u00edtica de privacidad.<\/td>\n<\/tr>\n<\/tbody>\n<\/table>\n<p>&nbsp;<\/p>\n<p><strong>Cookies de terceros<\/strong><\/p>\n<table dir=\"ltr\" style=\"width: 73.4496%;\" border=\"1\" cellspacing=\"0\" cellpadding=\"0\" data-sheets-root=\"1\">\n<colgroup>\n<col width=\"186\" \/>\n<col width=\"186\" \/>\n<col width=\"627\" \/><\/colgroup>\n<tbody>\n<tr>\n<td style=\"width: 17.7888%;\" data-sheets-value=\"{&quot;1&quot;:2,&quot;2&quot;:&quot;Origen&quot;}\">Origen<\/td>\n<td style=\"width: 22.0413%;\" data-sheets-value=\"{&quot;1&quot;:2,&quot;2&quot;:&quot;Nombre&quot;}\">Nombre<\/td>\n<td style=\"width: 56.0345%;\" data-sheets-value=\"{&quot;1&quot;:2,&quot;2&quot;:&quot;Prop\u00f3sito&quot;}\">Prop\u00f3sito<\/td>\n<\/tr>\n<\/tbody>\n<\/table>\n<table dir=\"ltr\" style=\"width: 73.3747%; height: 291px;\" border=\"1\" cellspacing=\"0\" cellpadding=\"0\" data-sheets-root=\"1\">\n<colgroup>\n<col width=\"186\" \/>\n<col width=\"186\" \/>\n<col width=\"627\" \/><\/colgroup>\n<tbody>\n<tr style=\"height: 149px;\">\n<td style=\"width: 18.57%; height: 149px;\" data-sheets-value=\"{&quot;1&quot;:2,&quot;2&quot;:&quot;Google\\n\\n\\n\\n&quot;}\">Google<\/td>\n<td style=\"width: 22.8308%; height: 149px;\" data-sheets-value=\"{&quot;1&quot;:2,&quot;2&quot;:&quot;_ga, _ga_&lt;container-id&gt;\\n\\n\\n\\n&quot;}\">_ga, _ga_&lt;container-id&gt;<\/td>\n<td style=\"width: 58.3012%; height: 149px;\" data-sheets-value=\"{&quot;1&quot;:2,&quot;2&quot;:&quot;Utilizamos cookies de Google Analytics para recopilar datos sobre la manera en la que los usuarios exploran nuestro sitio web. De esta manera, nos es posible generar informes y contribuir a optimizar la experiencia de usuario. Las cookies recolectan informaci\u00f3n de forma an\u00f3nima, incluyendo la cantidad de visitantes, su procedencia y las p\u00e1ginas visitadas en nuestro sitio web.\\n\\n&quot;}\">Utilizamos cookies de Google Analytics para recopilar datos sobre la manera en la que los usuarios exploran nuestro sitio web. De esta manera, nos es posible generar informes y contribuir a optimizar la experiencia de usuario. Las cookies recolectan informaci\u00f3n de forma an\u00f3nima, incluyendo la cantidad de visitantes, su procedencia y las p\u00e1ginas visitadas en nuestro sitio web.<\/td>\n<\/tr>\n<tr style=\"height: 75px;\">\n<td style=\"width: 18.57%; height: 75px;\" data-sheets-value=\"{&quot;1&quot;:2,&quot;2&quot;:&quot;Google\\n\\n&quot;}\">Google<\/td>\n<td style=\"width: 22.8308%; height: 75px;\" data-sheets-value=\"{&quot;1&quot;:2,&quot;2&quot;:&quot;_grecaptcha\\n\\n&quot;}\">_grecaptcha<\/td>\n<td style=\"width: 58.3012%; height: 75px;\" data-sheets-value=\"{&quot;1&quot;:2,&quot;2&quot;:&quot;\\nUtilizamos Google reCaptcha para minimizar los posibles riesgos que pueda tener la p\u00e1gina web y proteger nuestros formularios de posibles correos spam.\\n&quot;}\">Utilizamos Google reCaptcha para minimizar los posibles riesgos que pueda tener la p\u00e1gina web y proteger nuestros formularios de posibles correos spam.<\/td>\n<\/tr>\n<tr style=\"height: 67px;\">\n<td style=\"width: 18.57%; height: 67px;\" data-sheets-value=\"{&quot;1&quot;:2,&quot;2&quot;:&quot;Emoji Settings\\n&quot;}\">Emoji Settings<\/td>\n<td style=\"width: 22.8308%; height: 67px;\" data-sheets-value=\"{&quot;1&quot;:2,&quot;2&quot;:&quot;wpEmojiSettingsSupports\\n&quot;}\">wpEmojiSettingsSupports<\/td>\n<td style=\"width: 58.3012%; height: 67px;\" data-sheets-value=\"{&quot;1&quot;:2,&quot;2&quot;:&quot;Esta cookie nos permite habilitar la compatibilidad del uso de emojis en nuestra p\u00e1gina web.\\n&quot;}\">Esta cookie nos permite habilitar la compatibilidad del uso de emojis en nuestra p\u00e1gina web.<\/td>\n<\/tr>\n<\/tbody>\n<\/table>\n<p>&nbsp;<\/p>\n<div>\n<p>El Usuario acepta expresamente, por la utilizaci\u00f3n de este Site,\u202fel tratamiento de la informaci\u00f3n\u202frecabada en la forma y con los fines anteriormente mencionados.\u202fY asimismo reconoce conocer la posibilidad de rechazar el tratamiento de\u202ftales datos o informaci\u00f3n\u202frechazando el uso de Cookies mediante la selecci\u00f3n de la configuraci\u00f3n apropiada a tal fin en su navegador. Si bien esta opci\u00f3n de bloqueo de Cookies en su navegador puede no permitirle el uso pleno de todas las funcionalidades del Website.<\/p>\n<p>Puede usted permitir, bloquear o eliminar las cookies instaladas en su equipo mediante la configuraci\u00f3n de las opciones del navegador instalado en su ordenador:<\/p>\n<ul style=\"font-weight: 400;\">\n<li data-aria-posinset=\"1\" data-aria-level=\"2\"><a href=\"http:\/\/support.google.com\/chrome\/bin\/answer.py?hl=es&amp;answer=95647\" target=\"_blank\" rel=\"noopener\"><span data-contrast=\"auto\">Chrome<\/span><\/a><\/li>\n<li data-aria-posinset=\"2\" data-aria-level=\"2\"><a href=\"http:\/\/windows.microsoft.com\/es-es\/windows7\/how-to-manage-cookies-in-internet-explorer-9\" target=\"_blank\" rel=\"noopener\"><span data-contrast=\"auto\">Explorer<\/span><\/a><\/li>\n<li data-aria-posinset=\"3\" data-aria-level=\"2\"><a href=\"http:\/\/support.mozilla.org\/es\/kb\/habilitar-y-deshabilitar-cookies-que-los-sitios-we\" target=\"_blank\" rel=\"noopener\"><span data-contrast=\"auto\">Firefox<\/span><\/a><\/li>\n<li data-aria-posinset=\"4\" data-aria-level=\"2\"><a href=\"http:\/\/support.apple.com\/kb\/ph5042\" target=\"_blank\" rel=\"noopener\"><span data-contrast=\"auto\">Safari<\/span><\/a><\/li>\n<\/ul>\n<p>Si tiene dudas sobre esta pol\u00edtica de cookies, puede contactar con POLYPAL en +34 94 621 05 00 o protecciondatos@polypal.com.<\/p>\n<\/div>\n<\/div>\n<\/div>\n<p>&nbsp;<\/p>\n<p>&nbsp;<\/p>\n<p>&nbsp;<\/p>\n","protected":false},"excerpt":{"rendered":"<p>&nbsp; Cookie\u202fes un fichero que se descarga en su ordenador al acceder a determinadas p\u00e1ginas web. Las cookies permiten a una p\u00e1gina web, entre otras cosas, almacenar y recuperar informaci\u00f3n sobre los h\u00e1bitos de navegaci\u00f3n de un usuario o de su equipo y, dependiendo de la informaci\u00f3n que contengan y de la forma en que [&hellip;]<\/p>\n","protected":false},"author":1,"featured_media":0,"parent":0,"menu_order":0,"comment_status":"closed","ping_status":"closed","template":"","meta":{"content-type":"","footnotes":""},"class_list":["post-8780","page","type-page","status-publish","hentry"],"_links":{"self":[{"href":"https:\/\/www.polypal.com\/co\/wp-json\/wp\/v2\/pages\/8780","targetHints":{"allow":["GET"]}}],"collection":[{"href":"https:\/\/www.polypal.com\/co\/wp-json\/wp\/v2\/pages"}],"about":[{"href":"https:\/\/www.polypal.com\/co\/wp-json\/wp\/v2\/types\/page"}],"author":[{"embeddable":true,"href":"https:\/\/www.polypal.com\/co\/wp-json\/wp\/v2\/users\/1"}],"replies":[{"embeddable":true,"href":"https:\/\/www.polypal.com\/co\/wp-json\/wp\/v2\/comments?post=8780"}],"version-history":[{"count":0,"href":"https:\/\/www.polypal.com\/co\/wp-json\/wp\/v2\/pages\/8780\/revisions"}],"wp:attachment":[{"href":"https:\/\/www.polypal.com\/co\/wp-json\/wp\/v2\/media?parent=8780"}],"curies":[{"name":"wp","href":"https:\/\/api.w.org\/{rel}","templated":true}]}}