{"id":8789,"date":"2018-11-15T11:04:08","date_gmt":"2018-11-15T10:04:08","guid":{"rendered":"https:\/\/www.polypal.com\/politica-de-privacidad"},"modified":"2023-10-26T13:05:23","modified_gmt":"2023-10-26T13:05:23","slug":"politica-de-privacidad","status":"publish","type":"page","link":"https:\/\/www.polypal.com\/co\/politica-de-privacidad\/","title":{"rendered":"Pol\u00edtica de privacidad"},"content":{"rendered":"<div class=\"text-block\">\n<div class=\"typography typography--body content text-block__content li-style\">\n<div>\n<p>&nbsp;<\/p>\n<p>&nbsp;<\/p>\n<p>En POLYPAL STORAGE SYSTEMS, S.A. (en adelante POLYPAL) nos tomamos muy en serio los datos personales que nos facilitas al usar nuestros servicios y nos comprometemos a mantener tus datos personales completamente a salvo.<\/p>\n<p>En cumplimiento de lo establecido en el Reglamento Europeo 2016\/679 del Parlamento Europeo y del Consejo de 27 de abril de 2016, el Reglamento General de Protecci\u00f3n de Datos de la Uni\u00f3n Europea, POLYPAL te informa.<\/p>\n<p><u>\u00bfQui\u00e9n es el responsable del tratamiento de tus datos y de la P\u00e1gina Web POLYPAL?<\/u><\/p>\n<p>El responsable del tratamiento de datos es POLYPAL STORAGE SYSTEMS, S.A.U. con CIF A48007223 y domicilio en la calle Bidebarrieta 1-A de Iurreta en Bizkaia. El tel\u00e9fono de contacto es el +34 94 621 05 00. Puedes ponerte en contacto con nosotros en la direcci\u00f3n de correo:<\/p>\n<p align=\"center\">protecciondatos@polypal.com<\/p>\n<p><u>\u00bfCon que finalidades tratamos tus datos?<\/u><\/p>\n<p>Los datos de car\u00e1cter personal que, en su caso, puedas haber facilitado como Cliente a trav\u00e9s de los correspondientes formularios, circunscritos siempre a datos profesionales de contacto, ser\u00e1n incorporados a un fichero titularidad de POLYPAL siendo su finalidad:<\/p>\n<ul>\n<li>la gesti\u00f3n y control de las Empresas dadas de alta en la P\u00e1gina Web POLYPAL<\/li>\n<li>una adecuada navegaci\u00f3n y uso de la P\u00e1gina Web POLYPAL<\/li>\n<li>la gesti\u00f3n de las solicitudes y consultas efectuadas, as\u00ed como la relaci\u00f3n comercial que pueda existir con POLYPAL<\/li>\n<li>la gesti\u00f3n y env\u00edo de comunicaciones comerciales solicitadas y\/o consentidas<\/li>\n<\/ul>\n<p>&nbsp;<\/p>\n<p>Como cliente, garantizas que los datos facilitados son ciertos, haci\u00e9ndote expresamente responsable de las posibles consecuencias que tuvieran causa en la falsedad de dicha informaci\u00f3n.<\/p>\n<p>El plazo de conservaci\u00f3n de los datos ser\u00e1 por el tiempo necesario para satisfacer la finalidad para la cual le han sido facilitados a POLYPAL, as\u00ed como para atender las responsabilidades de POLYPAL que se pudieran derivar de los datos facilitados o de cualquier otra exigencia legal. Mientras no solicites tu baja se entender\u00e1 que contin\u00faas interesado en que POLYPAL te mantenga informado de sus actividades y servicios.<\/p>\n<p><u>\u00bfCu\u00e1l es la legitimaci\u00f3n para el tratamiento de tus datos?<\/u><\/p>\n<p>La base legal para el tratamiento de tus datos es el cumplimiento de las obligaciones legales y contractuales que corresponden a POLYPAL con motivo de la prestaci\u00f3n de los servicios que pides como Cliente, y de la atenci\u00f3n a tus solicitudes de informaci\u00f3n y\/o de ofertas, as\u00ed como su inter\u00e9s leg\u00edtimo de contar con la informaci\u00f3n relevante como Cliente para el desarrollo de las actividades empresariales<\/p>\n<p><u>\u00bfA qu\u00e9 destinatarios se comunicar\u00e1n tus datos?<\/u><\/p>\n<p>POLYPAL podr\u00e1 comunicar los datos a las administraciones y organismos p\u00fablicos, Jueces y Tribunales de todo orden y grado con motivo del cumplimiento de las obligaciones legales que le correspondan.<\/p>\n<p>Igualmente, POLYPAL podr\u00e1 comunicar los datos a aquellos Proveedores que presten o gestionen servicios para POLYPAL en relaci\u00f3n con las finalidades de tratamiento indicadas.<\/p>\n<p>Igualmente se podr\u00e1n comunicar datos de gesti\u00f3n a la matriz del grupo WHITTAN GROUP, con sede en Halesfield 6 \u2013 Telford \u2013 Shropshire -TF7 4LN Inglaterra, cuyos datos tiene disponibles en www.whittan.com. Tal comunicaci\u00f3n podr\u00e1 producirse desde el mismo momento en que prestes el consentimiento y aceptes esta Pol\u00edtica de Privacidad.<\/p>\n<p>Los datos de contacto de tu Empresa, salvo que en el momento de registro hayas manifestado expresamente tu negativa marcando la casilla correspondiente, podr\u00e1n ser empleados para informarte con fines promocionales, incluso por v\u00eda electr\u00f3nica, de cualesquiera productos, servicios o actividades que pudieran ser ofrecidos por POLYPAL.\u00a0POLYPAL ha adoptado las medidas t\u00e9cnicas y organizativas necesarias para garantizar la seguridad e integridad de los datos, as\u00ed como para evitar su alteraci\u00f3n, perdida y tratamiento o acceso no autorizados.<\/p>\n<p>Como Cliente deber\u00e1s comunicar a POLYPAL, a la mayor brevedad posible, aquellas incidencias de las que tengas conocimiento para la correcta gesti\u00f3n de las mismas. Se entiende por incidencia cualquier anomal\u00eda que afecte o pudiera afectar a la seguridad de los datos de car\u00e1cter personal contenidos en la P\u00e1gina Web.<\/p>\n<p><u>\u00bfCu\u00e1les son tus derechos cuando nos facilitas tus datos?<\/u><\/p>\n<p>Como Cliente, para el ejercicio de los derechos en materia de protecci\u00f3n de datos personales, derecho de acceso, rectificaci\u00f3n, supresi\u00f3n, oposici\u00f3n, limitaci\u00f3n de su tratamiento, de portabilidad y el derecho a revocar el consentimiento prestado en lo concerniente a su tratamiento, sin que ello afecte a la licitud de tratamiento basado en el consentimiento previo a su retirada, podr\u00e1s remitir la solicitud por correo electr\u00f3nico a protecciondatos@polypal.com o bien dirigir una comunicaci\u00f3n escrita, a la siguiente direcci\u00f3n postal:<\/p>\n<p>POLYPAL STORAGE SYSTEMS, S.A.U. \u2013 Protecci\u00f3n de datos,<\/p>\n<p align=\"center\">Calle Bidebarrieta, 1A<br \/>\n48215 Iurreta \u2013 Vizcaya (Espa\u00f1a)<\/p>\n<p>adjuntando en todos los casos copia del documento acreditativo de su identidad.<\/p>\n<p>En el caso de que entiendas que no se ha atendido adecuadamente al ejercicio de tus derechos o consideres que sus datos no son tratados correctamente, podr\u00e1 dirigir sus reclamaciones a la Agencia Espa\u00f1ola de Protecci\u00f3n de Datos,\u00a0<a href=\"http:\/\/www.agpd.es\/\" target=\"_blank\" rel=\"noopener\">www.agpd.es<\/a><\/p>\n<\/div>\n<\/div>\n<\/div>\n<p>&nbsp;<\/p>\n<p>&nbsp;<\/p>\n<p>&nbsp;<\/p>\n","protected":false},"excerpt":{"rendered":"<p>&nbsp; &nbsp; En POLYPAL STORAGE SYSTEMS, S.A. (en adelante POLYPAL) nos tomamos muy en serio los datos personales que nos facilitas al usar nuestros servicios y nos comprometemos a mantener tus datos personales completamente a salvo. En cumplimiento de lo establecido en el Reglamento Europeo 2016\/679 del Parlamento Europeo y del Consejo de 27 de [&hellip;]<\/p>\n","protected":false},"author":1,"featured_media":0,"parent":0,"menu_order":0,"comment_status":"closed","ping_status":"open","template":"","meta":{"content-type":"","footnotes":""},"class_list":["post-8789","page","type-page","status-publish","hentry"],"_links":{"self":[{"href":"https:\/\/www.polypal.com\/co\/wp-json\/wp\/v2\/pages\/8789","targetHints":{"allow":["GET"]}}],"collection":[{"href":"https:\/\/www.polypal.com\/co\/wp-json\/wp\/v2\/pages"}],"about":[{"href":"https:\/\/www.polypal.com\/co\/wp-json\/wp\/v2\/types\/page"}],"author":[{"embeddable":true,"href":"https:\/\/www.polypal.com\/co\/wp-json\/wp\/v2\/users\/1"}],"replies":[{"embeddable":true,"href":"https:\/\/www.polypal.com\/co\/wp-json\/wp\/v2\/comments?post=8789"}],"version-history":[{"count":0,"href":"https:\/\/www.polypal.com\/co\/wp-json\/wp\/v2\/pages\/8789\/revisions"}],"wp:attachment":[{"href":"https:\/\/www.polypal.com\/co\/wp-json\/wp\/v2\/media?parent=8789"}],"curies":[{"name":"wp","href":"https:\/\/api.w.org\/{rel}","templated":true}]}}