{"id":1989,"date":"2019-02-18T12:50:39","date_gmt":"2019-02-18T11:50:39","guid":{"rendered":"http:\/\/polypal.com\/?page_id=1989"},"modified":"2024-01-29T09:10:07","modified_gmt":"2024-01-29T08:10:07","slug":"oikeudellinen-varoitus","status":"publish","type":"page","link":"https:\/\/www.polypal.com\/fi\/oikeudellinen-varoitus\/","title":{"rendered":"Oikeudellinen huomautus"},"content":{"rendered":"<div class=\"text-block\">\n<div class=\"typography typography--body content text-block__content\">\n<div>\n<p>&nbsp;<\/p>\n<p>POLYPAL Storage Systems, S.A. Yhti\u00f6 on merkitty Vizcayan kaupparekisteriin (yritysrekisteri n:o 36, aukeama n:o 54, arkki n:o 1599, 1. merkint\u00e4) yritystunnuksella (C.I.F.) A \/ 48007223<\/p>\n<p>Henkil\u00f6tietojen suoja ja s\u00e4hk\u00f6inen kaupank\u00e4ynti<\/p>\n<p>K\u00e4ytt\u00e4jien p\u00e4\u00e4sy verkkosivustoon, tuotteiden tai palveluiden hankkiminen ja sis\u00e4ll\u00f6n tai ty\u00f6kalujen k\u00e4ytt\u00f6 verkkosivuston kautta edellytt\u00e4\u00e4 henkil\u00f6tietojen k\u00e4sittely\u00e4. Henkil\u00f6tietojen suojaan, tietoyhteiskunnan palveluihin ja s\u00e4hk\u00f6iseen kaupank\u00e4yntiin liittyv\u00e4n lains\u00e4\u00e4d\u00e4nn\u00f6n noudattaminen on POLYPAL Storage Systems,S.A:lle (j\u00e4ljemp\u00e4n\u00e4 \u201dPOLYPAL\u201d) eritt\u00e4in t\u00e4rke\u00e4\u00e4.<\/p>\n<p>POLYPALin verkkosivustoa voi k\u00e4ytt\u00e4\u00e4 antamatta mit\u00e4\u00e4n henkil\u00f6tietoja. Tuotteiden, palveluiden, sis\u00e4ll\u00f6n tai ty\u00f6kalujen k\u00e4ytt\u00e4miseksi k\u00e4ytt\u00e4j\u00e4n on kuitenkin tietyiss\u00e4 tapauksissa annettava joitakin henkil\u00f6tietoja. POLYPAL takaa k\u00e4ytt\u00e4j\u00e4n antamien henkil\u00f6tietojen luottamuksellisuuden siten kuin asiasta on s\u00e4\u00e4detty henkil\u00f6tietojen suojaan, tietoyhteiskunnan palveluihin ja s\u00e4hk\u00f6iseen kaupank\u00e4yntiin liittyv\u00e4ss\u00e4 lains\u00e4\u00e4d\u00e4nn\u00f6ss\u00e4.<\/p>\n<p>POLYPAL t\u00e4ytt\u00e4\u00e4 voimassa olevan tietosuojalains\u00e4\u00e4d\u00e4nn\u00f6n vaatimukset noudattamalla asianmukaisia hallinnollisia ja teknisi\u00e4 menettelyit\u00e4 ker\u00e4ttyjen henkil\u00f6tietojen turvallisuuden takaamiseksi.<\/p>\n<p>T\u00e4st\u00e4 syyst\u00e4 k\u00e4ytt\u00e4j\u00e4 on tietoinen ja antaa suostumuksensa siihen, ett\u00e4 h\u00e4nen tietonsa sis\u00e4llytet\u00e4\u00e4n automatisoituihin rekistereihin, joiden omistaja on POLYPAL Storage Systems S.A, jonka virallinen osoite on Calle Bidebarrieta, 1 A, Iurreta \u2013 Vizcaya, Espanja ja joka on asianmukaisesti rekister\u00f6ity Espanjan tietosuojaviranomaisen yleiseen rekisteriin (Registro General de Protecci\u00f3n de Datos de Car\u00e1cter Personal). K\u00e4ytt\u00e4j\u00e4 antaa lis\u00e4ksi suostumuksensa tietojensa automaattiseen k\u00e4sittelyyn mit\u00e4 tahansa palvelua tai tuotetta koskevan tiedustelun, pyynn\u00f6n tai tilauksen tai suoritetun transaktion tai muun toimenpiteen seurauksena, hakiessaan tietoa ja k\u00e4ytt\u00e4ess\u00e4\u00e4n palveluita POLYPALin verkkosivuston kautta ja mahdollisen sopimussuhteen yll\u00e4pit\u00e4miseksi sek\u00e4 tarjousten tai mainonnan ja myynninedist\u00e4misviestinn\u00e4n l\u00e4hett\u00e4miseksi.<\/p>\n<p>K\u00e4ytt\u00e4j\u00e4 my\u00f6s suostuu nimenomaisesti siihen, ett\u00e4 h\u00e4nen henkil\u00f6tietojaan voidaan siirt\u00e4\u00e4 POLYPALin edustajille tai valtuutetuille jakelijoille yksinomaan edellisess\u00e4 kappaleessa mainittuihin tarkoituksiin tavalla ja rajoituksin, jotka on m\u00e4\u00e4ritetty Espanjan henkil\u00f6tietojen suojaa koskevassa laissa (Ley Org\u00e1nica de Protecci\u00f3n de Datos de Car\u00e1cter Personal) ja Espanjan tietosuojaviranomaisen kansainv\u00e4lisi\u00e4 tiedonsiirtoja koskevista m\u00e4\u00e4r\u00e4yksist\u00e4 antamassa ohjeessa 1\/2000.<\/p>\n<p>K\u00e4ytt\u00e4j\u00e4 vakuuttaa, ett\u00e4 kaikki h\u00e4nen antamansa tiedot ovat totuudenmukaisia ja paikkansapit\u00e4vi\u00e4, ja sitoutuu ilmoittamaan Permarille niiss\u00e4 tapahtuvista muutoksista. K\u00e4ytt\u00e4j\u00e4ll\u00e4 on oikeus vastustaa sellaisten tietojen k\u00e4sittely\u00e4, jotka eiv\u00e4t ole sopimuksen t\u00e4yt\u00e4nt\u00f6\u00f6npanon kannalta v\u00e4ltt\u00e4m\u00e4tt\u00f6mi\u00e4 sek\u00e4 niiden k\u00e4ytt\u00f6\u00e4 mihink\u00e4\u00e4n muuhun tarkoitukseen kuin sopimussuhteen yll\u00e4pit\u00e4miseen.<\/p>\n<p>POLYPALin tietosuojak\u00e4yt\u00e4nt\u00f6 takaa k\u00e4ytt\u00e4j\u00e4lle joka tapauksessa mahdollisuuden harjoittaa oikeuttaan pyyt\u00e4\u00e4 p\u00e4\u00e4sy\u00e4 henkil\u00f6tietoihinsa, pyyt\u00e4\u00e4 korjausta virheellisiin tai puutteellisiin tietoihin, pyyt\u00e4\u00e4 tietojen poistamista ja vastustaa tietojensa k\u00e4sittely\u00e4 ilmoittamalla siit\u00e4 POLYPALille s\u00e4hk\u00f6postitse osoitteeseen info@polypal.com tai l\u00e4hett\u00e4m\u00e4ll\u00e4 kirjallisen pyynn\u00f6n osoitteeseen Departamento de Asuntos Legales, Bidebarrieta, 1 A, 48.215 Iurreta \u2013 Vizcaya, Spain.<\/p>\n<p>Lis\u00e4ksi POLYPAL l\u00e4hett\u00e4\u00e4 tietoyhteiskunnan palveluista ja s\u00e4hk\u00f6isest\u00e4 kaupank\u00e4ynnist\u00e4 annetun Espanjan lain 34\/2002 mukaisesti tarjouksia tai mainontaa ja myynninedist\u00e4misviestint\u00e4\u00e4 s\u00e4hk\u00f6postitse tai muun vastaavan s\u00e4hk\u00f6isen viestint\u00e4v\u00e4lineen kautta yksinomaan niille k\u00e4ytt\u00e4jille, jotka ovat antaneet nimenomaisen suostumuksensa t\u00e4h\u00e4n tarkoitukseen.<\/p>\n<p>POLYPAL ilmoittaa k\u00e4ytt\u00e4j\u00e4lle, ett\u00e4 t\u00e4llaisen viestinn\u00e4n vastaanottamisen voi lopettaa noudattamalla kaikkien s\u00e4hk\u00f6postiemme lopussa olevia ohjeita tai ilmoittamalla siit\u00e4 kirjallisesti s\u00e4hk\u00f6postiosoitteeseen info@polypal.com tai seuraavaan postiosoitteeseen: POLYPAL Storage Systems, S.A. Calle Bidebarrieta, 1 A, 48.215 Iurreta \u2013 Vizcaya, Spain.<\/p>\n<\/div>\n<\/div>\n<\/div>\n<p>&nbsp;<\/p>\n<p>&nbsp;<\/p>\n","protected":false},"excerpt":{"rendered":"<p>&nbsp; POLYPAL Storage Systems, S.A. Yhti\u00f6 on merkitty Vizcayan kaupparekisteriin (yritysrekisteri n:o 36, aukeama n:o 54, arkki n:o 1599, 1. merkint\u00e4) yritystunnuksella (C.I.F.) A \/ 48007223 Henkil\u00f6tietojen suoja ja s\u00e4hk\u00f6inen kaupank\u00e4ynti K\u00e4ytt\u00e4jien p\u00e4\u00e4sy verkkosivustoon, tuotteiden tai palveluiden hankkiminen ja sis\u00e4ll\u00f6n tai ty\u00f6kalujen k\u00e4ytt\u00f6 verkkosivuston kautta edellytt\u00e4\u00e4 henkil\u00f6tietojen k\u00e4sittely\u00e4. Henkil\u00f6tietojen suojaan, tietoyhteiskunnan palveluihin ja s\u00e4hk\u00f6iseen kaupank\u00e4yntiin [&hellip;]<\/p>\n","protected":false},"author":1,"featured_media":0,"parent":0,"menu_order":0,"comment_status":"closed","ping_status":"closed","template":"","meta":{"content-type":"","footnotes":""},"class_list":["post-1989","page","type-page","status-publish","hentry"],"_links":{"self":[{"href":"https:\/\/www.polypal.com\/fi\/wp-json\/wp\/v2\/pages\/1989","targetHints":{"allow":["GET"]}}],"collection":[{"href":"https:\/\/www.polypal.com\/fi\/wp-json\/wp\/v2\/pages"}],"about":[{"href":"https:\/\/www.polypal.com\/fi\/wp-json\/wp\/v2\/types\/page"}],"author":[{"embeddable":true,"href":"https:\/\/www.polypal.com\/fi\/wp-json\/wp\/v2\/users\/1"}],"replies":[{"embeddable":true,"href":"https:\/\/www.polypal.com\/fi\/wp-json\/wp\/v2\/comments?post=1989"}],"version-history":[{"count":0,"href":"https:\/\/www.polypal.com\/fi\/wp-json\/wp\/v2\/pages\/1989\/revisions"}],"wp:attachment":[{"href":"https:\/\/www.polypal.com\/fi\/wp-json\/wp\/v2\/media?parent=1989"}],"curies":[{"name":"wp","href":"https:\/\/api.w.org\/{rel}","templated":true}]}}