{"id":33809,"date":"2024-11-22T11:38:54","date_gmt":"2024-11-22T10:38:54","guid":{"rendered":"https:\/\/www.polypal.com\/usein-kysytyt-kysymykset\/"},"modified":"2025-01-30T15:57:40","modified_gmt":"2025-01-30T14:57:40","slug":"usein-kysytyt-kysymykset","status":"publish","type":"page","link":"https:\/\/www.polypal.com\/fi\/usein-kysytyt-kysymykset\/","title":{"rendered":"Usein kysytyt kysymykset"},"content":{"rendered":"<p>&nbsp;<\/p>\n<p>&nbsp;<\/p>\n<table style=\"width: 61.2428%; height: 2488px;\" width=\"644\">\n<tbody>\n<tr style=\"height: 39px;\">\n<td style=\"width: 100%; height: 39px;\" width=\"644\"><strong>1. Mit\u00e4 teollisia varastointihyllyj\u00e4 ja -j\u00e4rjestelmi\u00e4 POLYPAL tarjoaa, ja mitk\u00e4 sopivat varastooni?<\/strong><\/td>\n<\/tr>\n<tr style=\"height: 168px;\">\n<td style=\"width: 100%; height: 168px;\" width=\"644\">Tarjoamme laajan valikoiman varastointihyllyj\u00e4 ja -j\u00e4rjestelmi\u00e4:<\/p>\n<ul style=\"list-style-type: circle;\">\n<li>Kuormalavoille tarkoitetut hyllyt: s\u00e4\u00e4dett\u00e4v\u00e4t kuormalavahyllyt, kapeak\u00e4yt\u00e4v\u00e4hyllyt, syv\u00e4kuormaushyllyt, shuttle-j\u00e4rjestelm\u00e4t, l\u00e4pivirtaushyllyt tai siirtohyllyt.<\/li>\n<li>Ker\u00e4ilyhyllyt keskiraskaille ja kevyille kuormille.<\/li>\n<li>Ulokehyllyt.<\/li>\n<\/ul>\n<p>J\u00e4rjestelm\u00e4n valinta riippuu kuorman tyypist\u00e4, k\u00e4ytett\u00e4viss\u00e4 olevasta tilasta ja varaston materiaalivirrasta. Tekninen tiimimme analysoi logistiikka- ja toimintatarpeesi suositellakseen ratkaisua, joka parhaiten optimoi tilank\u00e4yt\u00f6n ja logistiset toiminnot varastossasi.<\/td>\n<\/tr>\n<tr style=\"height: 24px;\">\n<td style=\"width: 100%; height: 24px;\"><\/td>\n<\/tr>\n<tr style=\"height: 36px;\">\n<td style=\"width: 100%; height: 36px;\"><strong>2. Mit\u00e4 tekij\u00f6it\u00e4 minun tulisi ottaa huomioon valitessani hylly- ja varastointij\u00e4rjestelm\u00e4\u00e4?<\/strong><\/td>\n<\/tr>\n<tr style=\"height: 66px;\">\n<td style=\"width: 100%; height: 66px;\" width=\"644\">On t\u00e4rke\u00e4\u00e4 tiet\u00e4\u00e4 varastoitavien tuotteiden paino ja mitat, yksikk\u00f6kuorma, kiertonopeus sek\u00e4 varastossa tapahtuva k\u00e4sittely. Tekninen tiimimme voi neuvoa sinua valitsemaan tarpeisiisi parhaiten sopivan j\u00e4rjestelm\u00e4n.<\/td>\n<\/tr>\n<tr style=\"height: 24px;\">\n<td style=\"width: 100%; height: 24px;\"><\/td>\n<\/tr>\n<tr style=\"height: 47px;\">\n<td style=\"width: 100%; height: 47px;\"><strong>3. Kuinka voin varmistaa hyllyjen turvallisuuden?<\/strong><\/td>\n<\/tr>\n<tr style=\"height: 138px;\">\n<td style=\"width: 100%; height: 138px;\" width=\"644\">Turvallisuus on meille ensisijaisen t\u00e4rke\u00e4\u00e4. Hyllymme ja varastointij\u00e4rjestelm\u00e4mme t\u00e4ytt\u00e4v\u00e4t korkeimmat laatuvaatimukset ja eurooppalaiset standardit. Lis\u00e4ksi tarjoamme turvallisuusvarusteita, jotka voidaan asentaa hyllyihin minimoimaan k\u00e4sittelylaitteiden aiheuttamia vahinkoja. Tarjoamme my\u00f6s tarkastuspalvelun, jonka avulla arvioimme ja yll\u00e4pid\u00e4mme rakenteiden eheytt\u00e4 varmistaaksemme ty\u00f6ntekij\u00f6iden ja varastoitujen tuotteiden turvallisuuden.<\/td>\n<\/tr>\n<tr style=\"height: 24px;\">\n<td style=\"width: 100%; height: 24px;\"><\/td>\n<\/tr>\n<tr style=\"height: 38px;\">\n<td style=\"width: 100%; height: 38px;\"><strong>4. Millaisia huoltotoimenpiteit\u00e4 hyllyt ja v\u00e4litasot vaativat optimaalisen suorituskyvyn takaamiseksi?<\/strong><\/td>\n<\/tr>\n<tr style=\"height: 87px;\">\n<td style=\"width: 100%; height: 87px;\" width=\"644\">Hyllyst\u00f6jen huoltoon kuuluu ennaltaehk\u00e4isev\u00e4 kunnossapito, mukaan lukien s\u00e4\u00e4nn\u00f6lliset tarkastukset ja kulumisen tai vaurioiden arviointi. Asiantuntijatiimimme suorittaa teknisi\u00e4 tarkastuksia, jotka varmistavat j\u00e4rjestelm\u00e4n tehokkuuden ja turvallisuuden sek\u00e4 pident\u00e4v\u00e4t sen k\u00e4ytt\u00f6ik\u00e4\u00e4.<\/td>\n<\/tr>\n<tr style=\"height: 24px;\">\n<td style=\"width: 100%; height: 24px;\"><\/td>\n<\/tr>\n<tr style=\"height: 36px;\">\n<td style=\"width: 100%; height: 36px;\"><strong>5. Kuinka mukautatte varastointij\u00e4rjestelm\u00e4t asiakkaiden tarpeisiin?<\/strong><\/td>\n<\/tr>\n<tr style=\"height: 82px;\">\n<td style=\"width: 100%; height: 82px;\" width=\"644\">Suunnittelemme r\u00e4\u00e4t\u00e4l\u00f6ityj\u00e4 ratkaisuja perusteellisen analyysin j\u00e4lkeen, jossa otetaan huomioon k\u00e4ytett\u00e4viss\u00e4 oleva tila, varastoitavat tuotteet ja varastotoiminnot. Tekninen tiimimme ty\u00f6skentelee kanssasi varmistaakseen, ett\u00e4 varastointij\u00e4rjestelm\u00e4 optimoi sek\u00e4 tilank\u00e4yt\u00f6n ett\u00e4 p\u00e4ivitt\u00e4iset toiminnot.<\/td>\n<\/tr>\n<tr style=\"height: 24px;\">\n<td style=\"width: 100%; height: 24px;\"><\/td>\n<\/tr>\n<tr style=\"height: 40px;\">\n<td style=\"width: 100%; height: 40px;\"><strong>6. Tarjoatteko varastointij\u00e4rjestelmien asennuspalveluja?<\/strong><\/td>\n<\/tr>\n<tr style=\"height: 113px;\">\n<td style=\"width: 100%; height: 113px;\" width=\"644\">Kyll\u00e4, meill\u00e4 on ammattitaitoiset asentajatiimit, jotka ovat erikoistuneet hyllyjen, varastointij\u00e4rjestelmien ja v\u00e4litasojen asentamiseen. Hallintastandardimme mahdollistavat asennusprosessin valvonnan alusta loppuun. Varastointij\u00e4rjestelmiemme takuu on suoraan sidottu siihen, ett\u00e4 ammattitiimimme suorittavat asennuksen, mik\u00e4 varmistaa, ett\u00e4 se t\u00e4ytt\u00e4\u00e4 tarjoamamme laatu- ja turvallisuusstandardit.<\/td>\n<\/tr>\n<tr style=\"height: 24px;\">\n<td style=\"width: 100%; height: 24px;\"><\/td>\n<\/tr>\n<tr style=\"height: 39px;\">\n<td style=\"width: 100%; height: 39px;\"><strong>7. Mitk\u00e4 varastointij\u00e4rjestelm\u00e4t mahdollistavat parhaan tilank\u00e4yt\u00f6n?<\/strong><\/td>\n<\/tr>\n<tr style=\"height: 65px;\">\n<td style=\"width: 100%; height: 65px;\" width=\"644\">V\u00e4litasot ja kompaktit j\u00e4rjestelm\u00e4t, kuten syv\u00e4kuormaushyllyt tai l\u00e4pivirtaushyllyt, maksimoivat k\u00e4ytett\u00e4viss\u00e4 olevan tilan ja optimoivat logistiikkavirran, mahdollistaen tehokkaamman tilank\u00e4yt\u00f6n verrattuna muihin hyllyj\u00e4rjestelmiin.<\/td>\n<\/tr>\n<tr style=\"height: 24px;\">\n<td style=\"width: 100%; height: 24px;\"><\/td>\n<\/tr>\n<tr style=\"height: 41px;\">\n<td style=\"width: 100%; height: 41px;\"><strong>8. Mit\u00e4 etuja v\u00e4litasojen asentaminen varastoon tuo?<\/strong><\/td>\n<\/tr>\n<tr style=\"height: 110px;\">\n<td style=\"width: 100%; height: 110px;\" width=\"644\">V\u00e4litasot mahdollistavat varaston, tehtaan tai toimitilan pystysuoran tilan hy\u00f6dynt\u00e4misen ilman rakennust\u00f6it\u00e4. Ne ovat ihanteellisia varastokapasiteetin lis\u00e4\u00e4miseen, uusien ty\u00f6alueiden luomiseen tai ker\u00e4ilyalueiden integroimiseen. POLYPALin v\u00e4litasoj\u00e4rjestelm\u00e4t ovat t\u00e4ysin purettavissa, mik\u00e4 tarjoaa joustavuutta muutoksiin, laajennuksiin tai uudelleensijoittamiseen.<\/td>\n<\/tr>\n<tr style=\"height: 24px;\">\n<td style=\"width: 100%; height: 24px;\"><\/td>\n<\/tr>\n<tr style=\"height: 40px;\">\n<td style=\"width: 100%; height: 40px;\"><strong>9. Kuinka kauan kest\u00e4\u00e4 asentaa v\u00e4litaso, hyllyst\u00f6 tai varastointij\u00e4rjestelm\u00e4?<\/strong><\/td>\n<\/tr>\n<tr style=\"height: 90px;\">\n<td style=\"width: 100%; height: 90px;\" width=\"644\">Asennusaika riippuu j\u00e4rjestelm\u00e4n koosta ja monimutkaisuudesta. Teknisen tutkimuksen j\u00e4lkeen tiimimme antaa arvioidun asennusajan. Varmistamme, ett\u00e4 prosessi on nopea ja tehokas ilman, ett\u00e4 varaston p\u00e4ivitt\u00e4inen toiminta h\u00e4iriintyy.<\/td>\n<\/tr>\n<tr style=\"height: 24px;\">\n<td style=\"width: 100%; height: 24px;\"><\/td>\n<\/tr>\n<tr style=\"height: 39px;\">\n<td style=\"width: 100%; height: 39px;\"><strong>10. Tarjoatteko neuvontaa varastointij\u00e4rjestelm\u00e4n uudelleenj\u00e4rjestelyyn tai suunnitteluun?<\/strong><\/td>\n<\/tr>\n<tr style=\"height: 87px;\">\n<td style=\"width: 100%; height: 87px;\" width=\"644\">Kyll\u00e4, asiantuntijamme voivat neuvoa varaston uudelleenj\u00e4rjestelyss\u00e4 ja optimoinnissa. Suoritamme virtaus- ja kapasiteettianalyysej\u00e4 sek\u00e4 ehdotamme logistisiin tarpeisiin r\u00e4\u00e4t\u00e4l\u00f6ityj\u00e4 parannuksia tilan ja operatiivisen tehokkuuden optimoimiseksi.<\/td>\n<\/tr>\n<tr style=\"height: 24px;\">\n<td style=\"width: 100%; height: 24px;\"><\/td>\n<\/tr>\n<tr style=\"height: 33px;\">\n<td style=\"width: 100%; height: 33px;\"><strong>11. Tarjoatteko ennakkoneuvontaa ennen tilauksen tekemist\u00e4?<\/strong><\/td>\n<\/tr>\n<tr style=\"height: 91px;\">\n<td style=\"width: 100%; height: 91px;\" width=\"644\">Kyll\u00e4, tarjoamme neuvontapalveluja ennen tilauksen tekemist\u00e4 asiakkaan erityistarpeiden ymm\u00e4rt\u00e4miseksi. Tekninen tiimimme analysoi k\u00e4ytett\u00e4viss\u00e4 olevan tilan ja logistiset vaatimukset suositellakseen ratkaisua, joka parhaiten optimoi varastointikapasiteetin ja helpottaa p\u00e4ivitt\u00e4isi\u00e4 toimintoja.<\/td>\n<\/tr>\n<tr style=\"height: 24px;\">\n<td style=\"width: 100%; height: 24px;\"><\/td>\n<\/tr>\n<tr style=\"height: 39px;\">\n<td style=\"width: 100%; height: 39px;\"><strong>12. Tarjoatteko koulutusta yritykseni henkil\u00f6st\u00f6lle varastointij\u00e4rjestelmien oikeasta k\u00e4yt\u00f6st\u00e4?<\/strong><\/td>\n<\/tr>\n<tr style=\"height: 89px;\">\n<td style=\"width: 100%; height: 89px;\" width=\"644\">Kyll\u00e4, tarjoamme koulutusohjelmia henkil\u00f6st\u00f6llesi, jotka kattavat varastointij\u00e4rjestelmien turvallisen ja tehokkaan k\u00e4yt\u00f6n, toimintojen turvallisuuden sek\u00e4 hyllyst\u00f6jen vaurioiden havaitsemisen ja arvioinnin. T\u00e4llaiset koulutukset auttavat pident\u00e4m\u00e4\u00e4n varastointij\u00e4rjestelm\u00e4n k\u00e4ytt\u00f6ik\u00e4\u00e4.<\/td>\n<\/tr>\n<tr style=\"height: 24px;\">\n<td style=\"width: 100%; height: 24px;\"><\/td>\n<\/tr>\n<tr style=\"height: 41px;\">\n<td style=\"width: 100%; height: 41px;\"><strong>13. Mink\u00e4laista tukea tarjoatte varastointij\u00e4rjestelm\u00e4n asennuksen j\u00e4lkeen?<\/strong><\/td>\n<\/tr>\n<tr style=\"height: 64px;\">\n<td style=\"width: 100%; height: 64px;\" width=\"644\">Huolto- ja korjauspalvelumme kautta tarjoamme jatkuvaa tukea asennuksen j\u00e4lkeen. Suoritamme koulutuksia varastointij\u00e4rjestelm\u00e4n oikeasta k\u00e4yt\u00f6st\u00e4 ja tarjoamme teknisi\u00e4 tarkastuksia hyllyjen kunnon arvioimiseksi.<\/td>\n<\/tr>\n<tr style=\"height: 24px;\">\n<td style=\"width: 100%; height: 24px;\"><\/td>\n<\/tr>\n<tr style=\"height: 40px;\">\n<td style=\"width: 100%; height: 40px;\"><strong>14. Kuinka ker\u00e4ilyhyllyt voivat v\u00e4hent\u00e4\u00e4 tilausk\u00e4sittelyaikaa?<\/strong><\/td>\n<\/tr>\n<tr style=\"height: 92px;\">\n<td style=\"width: 100%; height: 92px;\" width=\"644\">Ker\u00e4ilyhyllyt helpottavat tuotteiden j\u00e4rjest\u00e4mist\u00e4 ja nopeaa saatavuutta, minimoiden ajan, jonka ty\u00f6ntekij\u00e4t k\u00e4ytt\u00e4v\u00e4t tuotteiden etsimiseen varastossa. T\u00e4m\u00e4 on erityisen hy\u00f6dyllist\u00e4 varastoissa, joissa on suuri tilausm\u00e4\u00e4r\u00e4, sill\u00e4 se auttaa v\u00e4hent\u00e4m\u00e4\u00e4n k\u00e4sittelyaikaa, parantamaan ker\u00e4ilyn tarkkuutta ja lis\u00e4\u00e4m\u00e4\u00e4n operatiivista tehokkuutta.<\/td>\n<\/tr>\n<tr style=\"height: 24px;\">\n<td style=\"width: 100%; height: 24px;\"><\/td>\n<\/tr>\n<tr style=\"height: 39px;\">\n<td style=\"width: 100%; height: 39px;\"><strong>15. Voidaanko ker\u00e4ilyhyllyt yhdist\u00e4\u00e4 muihin teollisiin varastointij\u00e4rjestelmiin?<\/strong><\/td>\n<\/tr>\n<tr style=\"height: 85px;\">\n<td style=\"width: 100%; height: 85px;\" width=\"644\">Kyll\u00e4, ker\u00e4ilyhyllyt voidaan asentaa yhdess\u00e4 muiden varastointij\u00e4rjestelmien, kuten kuormalavahyllyjen tai v\u00e4litasojen kanssa. T\u00e4m\u00e4 mahdollistaa hybridij\u00e4rjestelm\u00e4n, joka maksimoi tilank\u00e4yt\u00f6n ja helpottaa organisointia k\u00e4ytt\u00f6-, tuotetyyppi- ja varastoty\u00f6virran mukaan.<\/td>\n<\/tr>\n<tr style=\"height: 24px;\">\n<td style=\"width: 100%; height: 24px;\"><\/td>\n<\/tr>\n<tr style=\"height: 42px;\">\n<td style=\"width: 100%; height: 42px;\"><strong>16. Millaisia toimistohyllyj\u00e4 tarjoatte, ja kuinka ne parantavat asiakirjojen j\u00e4rjestyst\u00e4?<\/strong><\/td>\n<\/tr>\n<tr style=\"height: 72px;\">\n<td style=\"width: 100%; height: 72px;\" width=\"644\">Tarjoamme toimistohyllyj\u00e4, jotka helpottavat asiakirjojen ja tiedostojen j\u00e4rjest\u00e4mist\u00e4 ty\u00f6ymp\u00e4rist\u00f6iss\u00e4. Ne ovat helppoja koota ja niiden lis\u00e4varusteiden avulla voidaan muokata kokoonpanoa nopeasti. Tarjolla on mm. lokerohyllyj\u00e4, ulosvedett\u00e4vi\u00e4 mappilokeroita, laatikoita, jakajia ja ripustuskiskoja.<\/td>\n<\/tr>\n<\/tbody>\n<\/table>\n<p>&nbsp;<\/p>\n<p>&nbsp;<\/p>\n","protected":false},"excerpt":{"rendered":"<p>&nbsp; &nbsp; 1. Mit\u00e4 teollisia varastointihyllyj\u00e4 ja -j\u00e4rjestelmi\u00e4 POLYPAL tarjoaa, ja mitk\u00e4 sopivat varastooni? Tarjoamme laajan valikoiman varastointihyllyj\u00e4 ja -j\u00e4rjestelmi\u00e4: Kuormalavoille tarkoitetut hyllyt: s\u00e4\u00e4dett\u00e4v\u00e4t kuormalavahyllyt, kapeak\u00e4yt\u00e4v\u00e4hyllyt, syv\u00e4kuormaushyllyt, shuttle-j\u00e4rjestelm\u00e4t, l\u00e4pivirtaushyllyt tai siirtohyllyt. Ker\u00e4ilyhyllyt keskiraskaille ja kevyille kuormille. Ulokehyllyt. J\u00e4rjestelm\u00e4n valinta riippuu kuorman tyypist\u00e4, k\u00e4ytett\u00e4viss\u00e4 olevasta tilasta ja varaston materiaalivirrasta. Tekninen tiimimme analysoi logistiikka- ja toimintatarpeesi suositellakseen [&hellip;]<\/p>\n","protected":false},"author":4,"featured_media":0,"parent":0,"menu_order":0,"comment_status":"closed","ping_status":"closed","template":"","meta":{"content-type":"","footnotes":""},"class_list":["post-33809","page","type-page","status-publish","hentry"],"_links":{"self":[{"href":"https:\/\/www.polypal.com\/fi\/wp-json\/wp\/v2\/pages\/33809","targetHints":{"allow":["GET"]}}],"collection":[{"href":"https:\/\/www.polypal.com\/fi\/wp-json\/wp\/v2\/pages"}],"about":[{"href":"https:\/\/www.polypal.com\/fi\/wp-json\/wp\/v2\/types\/page"}],"author":[{"embeddable":true,"href":"https:\/\/www.polypal.com\/fi\/wp-json\/wp\/v2\/users\/4"}],"replies":[{"embeddable":true,"href":"https:\/\/www.polypal.com\/fi\/wp-json\/wp\/v2\/comments?post=33809"}],"version-history":[{"count":0,"href":"https:\/\/www.polypal.com\/fi\/wp-json\/wp\/v2\/pages\/33809\/revisions"}],"wp:attachment":[{"href":"https:\/\/www.polypal.com\/fi\/wp-json\/wp\/v2\/media?parent=33809"}],"curies":[{"name":"wp","href":"https:\/\/api.w.org\/{rel}","templated":true}]}}