{"id":8736,"date":"2019-07-11T11:26:01","date_gmt":"2019-07-11T09:26:01","guid":{"rendered":"https:\/\/www.polypal.com\/evastekaytanto"},"modified":"2024-04-04T16:41:15","modified_gmt":"2024-04-04T14:41:15","slug":"evastekaytanto","status":"publish","type":"page","link":"https:\/\/www.polypal.com\/fi\/evastekaytanto\/","title":{"rendered":"Ev\u00e4stek\u00e4yt\u00e4nt\u00f6"},"content":{"rendered":"<div class=\"text-block\">\n<div class=\"typography typography--body content text-block__content li-style\">\n<div>\n<p>&nbsp;<\/p>\n<p>Ev\u00e4ste on tiedosto, jonka selain tallentaa laitteellesi vieraillessasi tietyill\u00e4 verkkosivuilla. Ev\u00e4steiden avulla verkkosivusto voi muun muassa tallentaa ja hakea tietoa k\u00e4ytt\u00e4j\u00e4n tai tietokoneen selailutottumuksista, ja ev\u00e4steit\u00e4 voidaan k\u00e4ytt\u00e4\u00e4 my\u00f6s k\u00e4ytt\u00e4j\u00e4n tunnistamiseen niiden sis\u00e4lt\u00e4mist\u00e4 tiedoista ja tietokoneen k\u00e4ytt\u00f6tavasta riippuen.<\/p>\n<p>K\u00e4ytt\u00e4j\u00e4n selain tallentaa ev\u00e4steet kiintolevylle vain nykyisen istunnon aikana. Ev\u00e4steet viev\u00e4t vain hyvin v\u00e4h\u00e4n tallennustilaa, eiv\u00e4tk\u00e4 ne vahingoita tietokonetta. Ev\u00e4steet eiv\u00e4t sis\u00e4ll\u00e4 henkil\u00f6tietoja, ja useimmat niist\u00e4 poistetaan kiintolevylt\u00e4, kun selain suljetaan (niin kutsutut istuntokohtaiset ev\u00e4steet).<\/p>\n<p>Useimmat selaimet hyv\u00e4ksyv\u00e4t ev\u00e4steet oletusasetuksena, ja ev\u00e4steist\u00e4 riippumatta sallivat tai est\u00e4v\u00e4t tietosuoja-asetuksissa v\u00e4liaikaiset tai tallennetut ev\u00e4steet.<\/p>\n<p>Ilman nimenomaista suostumustasi \u2013 jonka annat sallimalla ev\u00e4steet selaimessasi \u2013 POLYPAL ei liit\u00e4 ev\u00e4steisiin henkil\u00f6tietoja, jotka olet antanut rekister\u00f6itymisen tai ostotapahtuman aikana.<\/p>\n<p>Mink\u00e4 tyyppisi\u00e4 ev\u00e4steit\u00e4 t\u00e4ll\u00e4 sivustolla k\u00e4ytet\u00e4\u00e4n?<\/p>\n<p>\u2013 <strong>Tekniset ev\u00e4steet<\/strong>: Teknisten ev\u00e4steiden avulla k\u00e4ytt\u00e4j\u00e4 voi selata verkkosivua, alustaa tai sovellusta, tehd\u00e4 niiss\u00e4 valintoja ja k\u00e4ytt\u00e4\u00e4 niiss\u00e4 olevia palveluita, esimerkiksi ohjata liikennett\u00e4 ja tietoliikennett\u00e4, tunnistaa istunnon, k\u00e4ytt\u00e4\u00e4 k\u00e4ytt\u00f6oikeudeltaan rajoitettuja palvelun osia, muistaa tilaukseen sis\u00e4ltyv\u00e4t elementit, suorittaa tilauksen ostoprosessin, ilmoittautua tapahtumaan, k\u00e4ytt\u00e4\u00e4 tietoturvaelementtej\u00e4 selaamisen aikana, tallentaa sis\u00e4lt\u00f6\u00e4 videoiden tai \u00e4\u00e4nitiedostojen levitt\u00e4mist\u00e4 varten tai jakaa sis\u00e4lt\u00f6\u00e4 sosiaalisten verkostojen kautta.<\/p>\n<p>\u2013 <strong>Mukauttamisev\u00e4steet<\/strong>: Mukauttamisev\u00e4steiden avulla k\u00e4ytt\u00e4j\u00e4 voi k\u00e4ytt\u00e4\u00e4 palvelua tietyill\u00e4 ennalta m\u00e4\u00e4ritellyill\u00e4 yleisill\u00e4 ominaisuuksilla varustettuna. N\u00e4m\u00e4 ominaisuudet m\u00e4\u00e4r\u00e4ytyv\u00e4t k\u00e4ytt\u00e4j\u00e4n p\u00e4\u00e4telaitteen m\u00e4\u00e4ritysten mukaan, ja niit\u00e4 ovat mm. kieli, selaintyyppi, jolla palvelua k\u00e4ytet\u00e4\u00e4n, k\u00e4ytt\u00e4j\u00e4n sijaintiin perustuvat alueelliset asetukset jne.<\/p>\n<p>\u2013 <strong>Analytiikkaev\u00e4steet<\/strong>: Asettamiemme tai kolmansien osapuolten asettamien analytiikkaev\u00e4steiden avulla voimme ker\u00e4t\u00e4 tietoa k\u00e4vij\u00e4m\u00e4\u00e4rist\u00e4 sek\u00e4 suorittaa tilastollisia mittauksia ja analyyseja siit\u00e4, kuinka k\u00e4ytt\u00e4j\u00e4t hy\u00f6dynt\u00e4v\u00e4t tarjoamiamme palveluita. T\u00e4t\u00e4 varten analysoimme tapaasi selata sivustoamme tarkoituksena parantaa tuote- tai palvelutarjontaamme.<\/p>\n<p>\u2013 <strong>Kolmansien osapuolten ev\u00e4steet<\/strong>: POLYPALin verkkosivusto voi k\u00e4ytt\u00e4\u00e4 kolmansien osapuolien palveluita, jotka ker\u00e4\u00e4v\u00e4t k\u00e4ytt\u00e4j\u00e4n sivuston k\u00e4ytt\u00f6\u00e4 koskevia tietoja LIN3S:n puolesta tilastollisia tarkoituksia varten sek\u00e4 tarkoituksena tarjota muita verkkosivuston toimintaan liittyvi\u00e4 palveluita ja muita Internet-palveluita.<\/p>\n<p>T\u00e4m\u00e4 sivusto k\u00e4ytt\u00e4\u00e4 erityisesti Google Analyticsia, joka on Yhdysvaltoihin sijoittautuneen Google, Inc:n tarjoama verkkoanalytiikkapalvelu.\u202fN\u00e4iden palvelujen tarjoamiseksi k\u00e4ytet\u00e4\u00e4n ev\u00e4steit\u00e4, jotka ker\u00e4\u00e4v\u00e4t tietoja, mukaan lukien k\u00e4ytt\u00e4j\u00e4n IP-osoitteen, jotka Google l\u00e4hett\u00e4\u00e4, k\u00e4sittelee ja tallentaa Google.com-verkkosivustolla asetetuin ehdoin. Niihin sis\u00e4ltyy mainittujen tietojen mahdollinen siirto kolmansille osapuolille lains\u00e4\u00e4d\u00e4nn\u00f6llisen velvoitteen t\u00e4ytt\u00e4miseksi tai siin\u00e4 tapauksessa, ett\u00e4 mainitut kolmannet osapuolet k\u00e4sittelev\u00e4t tietoja Googlen puolesta.<\/p>\n<p>&nbsp;<\/p>\n<\/div>\n<p><span data-contrast=\"auto\">Own\u00a0Cookies<\/span><\/p>\n<table style=\"width: 98.4915%; height: 63px;\">\n<tbody>\n<tr style=\"height: 24px;\">\n<td style=\"width: 13.7912%; height: 24px;\"><span data-contrast=\"none\">Origin<\/span><\/td>\n<td style=\"width: 17.592%; height: 24px;\"><span data-contrast=\"none\">Name<\/span><\/td>\n<td style=\"width: 146.189%; height: 24px;\"><span data-contrast=\"auto\">Purpose<\/span><span data-contrast=\"auto\">\u00a0<\/span><\/td>\n<\/tr>\n<tr style=\"height: 39px;\">\n<td style=\"width: 13.7912%; height: 39px;\"><span data-contrast=\"none\">Polypal<\/span><\/td>\n<td style=\"width: 17.592%; height: 39px;\"><span data-contrast=\"none\">moove_gdpr_popup<\/span><\/td>\n<td style=\"width: 146.189%; height: 39px;\"><span data-contrast=\"auto\">Cookie\u00a0used\u00a0to\u00a0keep\u00a0track\u00a0of\u00a0the\u00a0user&#8217;s\u00a0compliance\u00a0with\u00a0the\u00a0privacy\u00a0policy.<\/span><span data-contrast=\"auto\">\u00a0<\/span><\/td>\n<\/tr>\n<\/tbody>\n<\/table>\n<p><span data-contrast=\"none\">\u00a0<\/span><\/p>\n<p><span data-contrast=\"auto\">Third\u00a0Party\u00a0Cookies<\/span><span data-contrast=\"auto\">\u00a0<\/span><\/p>\n<table style=\"width: 96.5992%;\">\n<tbody>\n<tr>\n<td style=\"width: 14.3221%;\"><span data-contrast=\"none\">Origin<\/span><\/td>\n<td style=\"width: 17.3374%;\"><span data-contrast=\"none\">Name<\/span><\/td>\n<td style=\"width: 721.346%;\"><span data-contrast=\"auto\">Purpose<\/span><span data-contrast=\"auto\">\u00a0<\/span><\/td>\n<\/tr>\n<\/tbody>\n<\/table>\n<table style=\"width: 140%; height: 144px;\">\n<tbody>\n<tr style=\"height: 68px;\">\n<td style=\"width: 9.86061%; height: 68px;\"><span data-contrast=\"none\">Google<\/span><\/td>\n<td style=\"width: 11.835%; height: 68px;\"><span data-contrast=\"none\">_ga, _ga_&lt;container-id&gt;<\/span><\/td>\n<td style=\"width: 77.7365%; height: 68px;\"><span data-contrast=\"auto\">We use Google Analytics cookies to collect data about how users navigate on our website. In this way, we are able to generate reports and optimize the <\/span><span data-contrast=\"auto\">user<\/span><span data-contrast=\"auto\">\u00a0experience.\u00a0The\u00a0cookies\u00a0collect\u00a0information\u00a0in\u00a0an\u00a0anonymous\u00a0way,\u00a0<\/span><span data-contrast=\"auto\">t<\/span><span data-contrast=\"auto\">his\u00a0includes\u00a0t<\/span><span data-contrast=\"auto\">he\u00a0number\u00a0of\u00a0visitors,\u00a0where\u00a0they\u00a0come\u00a0from\u00a0and\u00a0the\u00a0pages\u00a0visited\u00a0on\u00a0our\u00a0website<\/span><span data-contrast=\"auto\">.\u00a0<\/span><\/td>\n<\/tr>\n<tr style=\"height: 52px;\">\n<td style=\"width: 9.86061%; height: 52px;\"><span data-contrast=\"none\">Google<\/span><\/td>\n<td style=\"width: 11.835%; height: 52px;\"><span data-contrast=\"none\">_grecaptcha<\/span><\/td>\n<td style=\"width: 77.7365%; height: 52px;\"><span data-contrast=\"auto\">We\u00a0use Google\u00a0reCaptcha\u00a0to\u00a0minimize\u00a0potential\u00a0risks\u00a0that\u00a0the\u00a0website\u00a0may\u00a0have\u00a0and\u00a0to<\/span><span data-contrast=\"auto\">\u00a0<\/span><span data-contrast=\"auto\">protect\u00a0our\u00a0forms\u00a0from\u00a0possible\u00a0spam emails<\/span><\/td>\n<\/tr>\n<tr style=\"height: 24px;\">\n<td style=\"width: 9.86061%; height: 24px;\"><span data-contrast=\"none\">Emoji\u00a0Settings<\/span><\/td>\n<td style=\"width: 11.835%; height: 24px;\"><span data-contrast=\"none\">wpEmojiSettingsSupports<\/span><\/td>\n<td style=\"width: 77.7365%; height: 24px;\"><span data-contrast=\"auto\">This\u00a0cookie\u00a0allows\u00a0us\u00a0to\u00a0enable\u00a0emoji\u00a0support\u00a0on\u00a0our\u00a0website.<\/span><span data-contrast=\"auto\">\u00a0<\/span><\/td>\n<\/tr>\n<\/tbody>\n<\/table>\n<p>&nbsp;<\/p>\n<div>\n<p>T\u00e4t\u00e4 sivustoa k\u00e4ytt\u00e4m\u00e4ll\u00e4 k\u00e4ytt\u00e4j\u00e4 nimenomaisesti hyv\u00e4ksyy ker\u00e4ttyjen tietojen k\u00e4sittelyn edell\u00e4 kuvatulla tavalla ja edell\u00e4 mainittuihin tarkoituksiin.\u202fK\u00e4ytt\u00e4j\u00e4 my\u00f6s vakuuttaa olevansa tietoinen mahdollisuudesta kielt\u00e4\u00e4 t\u00e4llaisten tietojen k\u00e4sittely est\u00e4m\u00e4ll\u00e4 ev\u00e4steiden k\u00e4ytt\u00f6 valitsemalla selaimestaan t\u00e4t\u00e4 tarkoitusta varten sopivat asetukset. Ev\u00e4steiden est\u00e4minen selaimessa saattaa kuitenkin johtaa siihen, ettet voi t\u00e4ysin hy\u00f6dynt\u00e4\u00e4 kaikkia verkkosivuston toimintoja.<\/p>\n<p>Voit sallia, est\u00e4\u00e4 tai poistaa ev\u00e4steet tietokoneeseen asennetun selaimen asetuksista:<\/p>\n<ul style=\"font-weight: 400;\">\n<li data-aria-posinset=\"1\" data-aria-level=\"2\"><a href=\"http:\/\/support.google.com\/chrome\/bin\/answer.py?hl=fi&amp;answer=95647\" target=\"_blank\" rel=\"noopener\"><span data-contrast=\"auto\">Chrome<\/span><\/a><\/li>\n<li data-aria-posinset=\"2\" data-aria-level=\"2\"><a href=\"https:\/\/support.microsoft.com\/fi-fi\/help\/17442\/windows-internet-explorer-delete-manage-cookies\" target=\"_blank\" rel=\"noopener\"><span data-contrast=\"auto\">Explorer<\/span><\/a><\/li>\n<li data-aria-posinset=\"3\" data-aria-level=\"2\"><a href=\"https:\/\/support.mozilla.org\/fi\/kb\/evasteiden-salliminen-ja-estaminen\" target=\"_blank\" rel=\"noopener\"><span data-contrast=\"auto\">Firefox<\/span><\/a><\/li>\n<li data-aria-posinset=\"4\" data-aria-level=\"2\"><a href=\"http:\/\/support.apple.com\/kb\/ph5042\" target=\"_blank\" rel=\"noopener\"><span data-contrast=\"auto\">Safari<\/span><\/a><\/li>\n<\/ul>\n<p>Jos sinulla on kysytt\u00e4v\u00e4\u00e4 t\u00e4st\u00e4 ev\u00e4stek\u00e4yt\u00e4nn\u00f6st\u00e4, ota yhteytt\u00e4 POLYPALiin puhelimitse numeroon +34 94 621 05 00 tai s\u00e4hk\u00f6postitse osoitteeseen protecciondatos@polypal.com.<\/p>\n<\/div>\n<\/div>\n<\/div>\n<p>&nbsp;<\/p>\n<p>&nbsp;<\/p>\n","protected":false},"excerpt":{"rendered":"<p>&nbsp; Ev\u00e4ste on tiedosto, jonka selain tallentaa laitteellesi vieraillessasi tietyill\u00e4 verkkosivuilla. Ev\u00e4steiden avulla verkkosivusto voi muun muassa tallentaa ja hakea tietoa k\u00e4ytt\u00e4j\u00e4n tai tietokoneen selailutottumuksista, ja ev\u00e4steit\u00e4 voidaan k\u00e4ytt\u00e4\u00e4 my\u00f6s k\u00e4ytt\u00e4j\u00e4n tunnistamiseen niiden sis\u00e4lt\u00e4mist\u00e4 tiedoista ja tietokoneen k\u00e4ytt\u00f6tavasta riippuen. K\u00e4ytt\u00e4j\u00e4n selain tallentaa ev\u00e4steet kiintolevylle vain nykyisen istunnon aikana. Ev\u00e4steet viev\u00e4t vain hyvin v\u00e4h\u00e4n tallennustilaa, eiv\u00e4tk\u00e4 [&hellip;]<\/p>\n","protected":false},"author":1,"featured_media":0,"parent":0,"menu_order":0,"comment_status":"closed","ping_status":"closed","template":"","meta":{"content-type":"","footnotes":""},"class_list":["post-8736","page","type-page","status-publish","hentry"],"_links":{"self":[{"href":"https:\/\/www.polypal.com\/fi\/wp-json\/wp\/v2\/pages\/8736","targetHints":{"allow":["GET"]}}],"collection":[{"href":"https:\/\/www.polypal.com\/fi\/wp-json\/wp\/v2\/pages"}],"about":[{"href":"https:\/\/www.polypal.com\/fi\/wp-json\/wp\/v2\/types\/page"}],"author":[{"embeddable":true,"href":"https:\/\/www.polypal.com\/fi\/wp-json\/wp\/v2\/users\/1"}],"replies":[{"embeddable":true,"href":"https:\/\/www.polypal.com\/fi\/wp-json\/wp\/v2\/comments?post=8736"}],"version-history":[{"count":0,"href":"https:\/\/www.polypal.com\/fi\/wp-json\/wp\/v2\/pages\/8736\/revisions"}],"wp:attachment":[{"href":"https:\/\/www.polypal.com\/fi\/wp-json\/wp\/v2\/media?parent=8736"}],"curies":[{"name":"wp","href":"https:\/\/api.w.org\/{rel}","templated":true}]}}