{"id":8738,"date":"2018-11-15T11:04:08","date_gmt":"2018-11-15T10:04:08","guid":{"rendered":"https:\/\/www.polypal.com\/tietosuojakaytanto"},"modified":"2024-01-29T09:11:22","modified_gmt":"2024-01-29T08:11:22","slug":"tietosuojakaytanto","status":"publish","type":"page","link":"https:\/\/www.polypal.com\/fi\/tietosuojakaytanto\/","title":{"rendered":"Tietosuojak\u00e4yt\u00e4nt\u00f6"},"content":{"rendered":"<div class=\"text-block\">\n<div class=\"typography typography--body content text-block__content li-style\">\n<div>\n<p>&nbsp;<\/p>\n<p>Me POLYPAL STORAGE SYSTEMS, S.A:lla (j\u00e4ljemp\u00e4n\u00e4 \u201dPOLYPAL\u201d) suhtaudumme eritt\u00e4in vakavasti henkil\u00f6tietoihisi, jotka annat meille k\u00e4ytt\u00e4ess\u00e4si palveluitamme, ja lupaamme pit\u00e4\u00e4 henkil\u00f6tietosi t\u00e4ysin turvassa.<\/p>\n<p>POLYPAL ilmoittaa seuraavat tiedot 27 p\u00e4iv\u00e4n\u00e4 huhtikuuta 2016 annetun Euroopan parlamentin ja neuvoston asetuksen (EU) 2016\/679 (yleinen tietosuoja-asetus) mukaisesti.<\/p>\n<p><u>Kuka vastaa tietojesi k\u00e4sittelyst\u00e4 ja POLYPAL-verkkosivustosta?<\/u><\/p>\n<p>Tietojen k\u00e4sittelyst\u00e4 vastaava rekisterinpit\u00e4j\u00e4 on POLYPAL STORAGE SYSTEMS, S.A.U, jonka yritystunnus (CIF) on A48007223 ja virallinen osoite Bidebarrieta 1-A, 48215 Iurreta (Vizcaya), Espanja. Puhelinnumero on +34 946 210 500. Voit ottaa meihin yhteytt\u00e4 s\u00e4hk\u00f6postiosoitteeseen:<\/p>\n<p align=\"center\">protecciondatos@polypal.com<\/p>\n<p><u>Mik\u00e4 on tietojen k\u00e4sittelyn tarkoitus?<\/u><\/p>\n<p>Henkil\u00f6tiedot, jotka asiakkaana olet mahdollisesti antanut meille t\u00e4ytt\u00e4m\u00e4ll\u00e4 lomakkeitamme ja jotka on aina rajoitettu ammatillisiin yhteystietoihin, sis\u00e4llytet\u00e4\u00e4n POLYPALin omistamaan rekisteriin seuraavia tarkoituksia varten:<\/p>\n<ul>\n<li>POLYPAL-verkkosivustolle rekister\u00f6ityjen yritysten hallinta ja valvonta,<\/li>\n<li>POLYPAL-verkkosivuston tarkoituksenmukainen selaus ja k\u00e4ytt\u00f6,<\/li>\n<li>tehtyjen pyynt\u00f6jen ja kyselyiden hallinta sek\u00e4 mahdollisen asiakkaan ja POLYPALin v\u00e4lisen liikesuhteen hallinta,<\/li>\n<li>kaupallisten tiedotteiden hallinta ja l\u00e4hetys asiakkaan pyynn\u00f6st\u00e4 tai asiakkaan annettua t\u00e4h\u00e4n suostumuksensa.<\/li>\n<\/ul>\n<p>&nbsp;<\/p>\n<p>Asiakkaana takaat antamiesi tietojen paikkansapit\u00e4vyyden ja olet nimenomaisesti vastuussa mahdollisista seurauksista, jotka johtuvat mainittujen tietojen virheellisyydest\u00e4.<\/p>\n<p>Tietoja s\u00e4ilytet\u00e4\u00e4n niin kauan kuin on tarpeen sen tarkoituksen t\u00e4ytt\u00e4miseksi, jota varten ne on annettu POLYPALille, sek\u00e4 sellaisten POLYPALin vastuiden t\u00e4ytt\u00e4miseksi, joita voi synty\u00e4 annetuista tiedoista johtuen tai lakis\u00e4\u00e4teisten vaatimusten vuoksi. Niin kauan kuin et pyyd\u00e4 antamasi suostumuksen peruuttamista, sinun katsotaan olevan edelleen kiinnostunut saamaan tietoa POLYPALin toiminnasta ja palveluista.<\/p>\n<p><u>Mik\u00e4 on tietojen k\u00e4sittelyn oikeutettu peruste?<\/u><\/p>\n<p>Tietojesi k\u00e4sittelyn oikeusperusta on POLYPALia koskevien lakis\u00e4\u00e4teisten ja sopimusvelvoitteiden t\u00e4ytt\u00e4minen liittyen asiakkaana pyyt\u00e4miesi palvelujen tarjoamiseen ja tietopyynt\u00f6ihisi tai tarjouksiisi vastaamiseen, samoin kuin sen oikeutettu etu saada liiketoimintansa harjoittamisen edellytt\u00e4m\u00e4t asiaankuuluvat tiedot asiakkaistaan.<\/p>\n<p><u>Kenelle henkil\u00f6tietojasi voidaan luovuttaa?<\/u><\/p>\n<p>POLYPAL voi luovuttaa tietoja julkisille viranomaisille ja laitoksille sek\u00e4 kaikkien oikeusasteiden tuomareille ja tuomioistuimille lakis\u00e4\u00e4teisten velvoitteidensa noudattamiseksi.<\/p>\n<p>POLYPAL voi luovuttaa tietoja my\u00f6s niille palveluntarjoajille, jotka tarjoavat palveluita POLYPALille tai hallinnoivat niit\u00e4 ilmoitettuihin k\u00e4sittelyn tarkoituksiin liittyen.<\/p>\n<p>Hallinnollisia tietoja voidaan luovuttaa my\u00f6s yhti\u00f6n emoyhti\u00f6lle WHITTAN GROUPille, jonka virallinen osoite on Halesfield 6 \u2013 Telford \u2013 Shropshire -TF7 4LN ,Yhdistynyt kuningaskunta, jonka tiedot ovat saatavilla osoitteesta www.whittan-storage.com. T\u00e4llainen viestint\u00e4 voi tapahtua heti, kun olet antanut suostumuksesi ja hyv\u00e4ksynyt t\u00e4m\u00e4n tietosuojak\u00e4yt\u00e4nn\u00f6n.<\/p>\n<p>Yrityksesi yhteystietoja voidaan k\u00e4ytt\u00e4\u00e4 fyysisesti tai s\u00e4hk\u00f6isesti tapahtuvaan markkinointiviestint\u00e4\u00e4n koskien mit\u00e4 tahansa tuotteita, palveluita tai toimintoja, joita POLYPAL voi tarjota, paitsi jos rekister\u00f6innin yhteydess\u00e4 olet nimenomaisesti ilmoittanut kielt\u00e4ytymisest\u00e4si valitsemalla vastaavan ruudun. POLYPAL on toteuttanut tarvittavat tekniset ja organisatoriset toimenpiteet tietojen turvallisuuden ja eheyden takaamiseksi sek\u00e4 tietojen muuttamisen, katoamisen ja luvattoman k\u00e4sittelyn tai k\u00e4yt\u00f6n est\u00e4miseksi.<\/p>\n<p>Asiakkaana sinun on ilmoitettava POLYPALille mahdollisimman pian tietoosi tulevista tapahtumista niiden asianmukaisen hoidon varmistamiseksi. Tapahtumalla tarkoitetaan mit\u00e4 tahansa poikkeamaa, joka vaikuttaa tai voi vaikuttaa verkkosivuston sis\u00e4lt\u00e4mien henkil\u00f6tietojen turvallisuuteen.<\/p>\n<p><u>Mitk\u00e4 ovat oikeutesi, kun annat meille tietojasi?<\/u><\/p>\n<p>Asiakkaana voit k\u00e4ytt\u00e4\u00e4 henkil\u00f6tietojen suojaa koskevia oikeuksiasi, joita ovat: oikeus pyyt\u00e4\u00e4 p\u00e4\u00e4sy\u00e4 henkil\u00f6tietoihisi, oikeus pyyt\u00e4\u00e4 korjausta virheellisiin tai puutteellisiin tietoihin, oikeus pyyt\u00e4\u00e4 tietojen poistamista, oikeus rajoittaa henkil\u00f6tietojen k\u00e4sittely\u00e4, oikeus vastustaa tietojen k\u00e4sittely\u00e4, oikeus tietojen siirrett\u00e4vyyteen ja oikeus peruuttaa henkil\u00f6tietojen k\u00e4sittelyyn antamasi suostumus ilman, ett\u00e4 t\u00e4ll\u00e4 on vaikutusta suostumukseen perustuvan k\u00e4sittelyn laillisuuteen ennen sen peruuttamista. Voit l\u00e4hett\u00e4\u00e4 pyynn\u00f6n s\u00e4hk\u00f6postitse osoitteeseen protecciondatos@polypal.com tai l\u00e4hett\u00e4\u00e4 kirjallisen pyynn\u00f6n seuraavaan postiosoitteeseen:<\/p>\n<p>POLYPAL STORAGE SYSTEMS, S.A.U. \u2013 Protecci\u00f3n de datos,<\/p>\n<p align=\"center\">Calle Bidebarrieta 1<br \/>\n48215 Iurreta \u2013 Iurreta (Vizcaya), Spain<\/p>\n<p>liitt\u00e4m\u00e4ll\u00e4 pyynt\u00f6\u00f6n kaikissa tapauksissa j\u00e4ljenn\u00f6ksen henkil\u00f6llisyytesi todistavasta asiakirjasta.<\/p>\n<p>Jos katsot, ett\u00e4 oikeuksiesi harjoittamista koskevaa pyynt\u00f6\u00e4si ei ole k\u00e4sitelty asianmukaisesti tai ett\u00e4 tietojasi ei k\u00e4sitell\u00e4 oikein, voit tehd\u00e4 valituksen Espanjan tietosuojaviranomaiselle (Agencia Espa\u00f1ola de Protecci\u00f3n de Datos) <a href=\"http:\/\/www.agpd.es\/\" target=\"_blank\" rel=\"noopener\">www.agpd.es<\/a><\/p>\n<\/div>\n<\/div>\n<\/div>\n<p>&nbsp;<\/p>\n<p>&nbsp;<\/p>\n","protected":false},"excerpt":{"rendered":"<p>&nbsp; Me POLYPAL STORAGE SYSTEMS, S.A:lla (j\u00e4ljemp\u00e4n\u00e4 \u201dPOLYPAL\u201d) suhtaudumme eritt\u00e4in vakavasti henkil\u00f6tietoihisi, jotka annat meille k\u00e4ytt\u00e4ess\u00e4si palveluitamme, ja lupaamme pit\u00e4\u00e4 henkil\u00f6tietosi t\u00e4ysin turvassa. POLYPAL ilmoittaa seuraavat tiedot 27 p\u00e4iv\u00e4n\u00e4 huhtikuuta 2016 annetun Euroopan parlamentin ja neuvoston asetuksen (EU) 2016\/679 (yleinen tietosuoja-asetus) mukaisesti. Kuka vastaa tietojesi k\u00e4sittelyst\u00e4 ja POLYPAL-verkkosivustosta? Tietojen k\u00e4sittelyst\u00e4 vastaava rekisterinpit\u00e4j\u00e4 on POLYPAL STORAGE [&hellip;]<\/p>\n","protected":false},"author":1,"featured_media":0,"parent":0,"menu_order":0,"comment_status":"closed","ping_status":"open","template":"","meta":{"content-type":"","footnotes":""},"class_list":["post-8738","page","type-page","status-publish","hentry"],"_links":{"self":[{"href":"https:\/\/www.polypal.com\/fi\/wp-json\/wp\/v2\/pages\/8738","targetHints":{"allow":["GET"]}}],"collection":[{"href":"https:\/\/www.polypal.com\/fi\/wp-json\/wp\/v2\/pages"}],"about":[{"href":"https:\/\/www.polypal.com\/fi\/wp-json\/wp\/v2\/types\/page"}],"author":[{"embeddable":true,"href":"https:\/\/www.polypal.com\/fi\/wp-json\/wp\/v2\/users\/1"}],"replies":[{"embeddable":true,"href":"https:\/\/www.polypal.com\/fi\/wp-json\/wp\/v2\/comments?post=8738"}],"version-history":[{"count":0,"href":"https:\/\/www.polypal.com\/fi\/wp-json\/wp\/v2\/pages\/8738\/revisions"}],"wp:attachment":[{"href":"https:\/\/www.polypal.com\/fi\/wp-json\/wp\/v2\/media?parent=8738"}],"curies":[{"name":"wp","href":"https:\/\/api.w.org\/{rel}","templated":true}]}}