{"id":10484,"date":"2019-07-11T11:26:01","date_gmt":"2019-07-11T09:26:01","guid":{"rendered":"http:\/\/polypal.com\/politique-sur-les-cookies"},"modified":"2025-06-16T14:56:12","modified_gmt":"2025-06-16T12:56:12","slug":"politique-sur-les-cookies","status":"publish","type":"page","link":"https:\/\/www.polypal.com\/fr\/politique-sur-les-cookies\/","title":{"rendered":"Politique sur les cookies"},"content":{"rendered":"<div class=\"text-block\">\n<div class=\"typography typography--body content text-block__content li-style\">\n<div>\n<p>&nbsp;<\/p>\n<p>Un cookie est un fichier qui est t\u00e9l\u00e9charg\u00e9 sur votre ordinateur lorsque vous acc\u00e9dez \u00e0 certaines pages Web. Les cookies permettent \u00e0 un site Web, entre autres, de stocker et de r\u00e9cup\u00e9rer des informations sur les habitudes de navigation d\u2019un utilisateur ou de son ordinateur et, selon les informations qu\u2019ils contiennent et la fa\u00e7on dont vous utilisez votre ordinateur, peuvent \u00eatre utilis\u00e9s pour reconna\u00eetre l\u2019utilisateur.<\/p>\n<p>Le navigateur de l\u2019utilisateur stocke les cookies sur le disque dur uniquement pendant la session en cours, occupant un espace m\u00e9moire minimal et ne causant aucun dommage \u00e0 l\u2019ordinateur. Les cookies ne contiennent aucun type d\u2019informations personnelles sp\u00e9cifiques et la plupart d\u2019entre eux sont supprim\u00e9s du disque dur \u00e0 la fin de la session du navigateur (les cookies de session).<\/p>\n<p>La plupart des navigateurs acceptent les cookies en standard et, quel que soit le cookie, autorisent ou emp\u00eachent les cookies temporaires ou stock\u00e9s dans les param\u00e8tres de s\u00e9curit\u00e9.<\/p>\n<p>Sans votre consentement expr\u00e8s \u2013 en activant les cookies dans votre navigateur \u2013 POLYPAL ne liera pas dans les cookies les donn\u00e9es stock\u00e9es avec vos donn\u00e9es personnelles fournies lors de l\u2019enregistrement ou de l\u2019achat.<\/p>\n<p>Quels types de cookies ce site Web utilise-t-il ?<\/p>\n<p>\u2013 T\u00e9moins techniques : Ce sont ceux qui permettent \u00e0 l\u2019utilisateur de naviguer sur une page Web, une plate-forme ou une application et d\u2019utiliser les diff\u00e9rentes options ou services qui existent sur celle-ci, tels que, par exemple, le contr\u00f4le du trafic et des communications de donn\u00e9es, l\u2019identification de la session, l\u2019acc\u00e8s \u00e0 des parties \u00e0 acc\u00e8s restreint, le rappel des \u00e9l\u00e9ments qui composent une commande, la r\u00e9alisation du processus d\u2019achat, la demande d\u2019inscription ou la participation \u00e0 une manifestation, l\u2019utilisation des \u00e9l\u00e9ments de s\u00e9curit\u00e9 pendant la navigation, le stockage des contenus \u00e0 diffuser des vid\u00e9os ou des sons, la mise en r\u00e9seau social.<\/p>\n<p>\u2013 Cookies de personnalisation : Ce sont ceux qui permettent \u00e0 l\u2019utilisateur d\u2019acc\u00e9der au service avec certaines caract\u00e9ristiques g\u00e9n\u00e9rales pr\u00e9d\u00e9finies selon une s\u00e9rie de crit\u00e8res dans le terminal de l\u2019utilisateur comme, par exemple, la langue, le type de navigateur utilis\u00e9 pour acc\u00e9der au service, la configuration r\u00e9gionale \u00e0 partir de laquelle le service est accessible, etc.<\/p>\n<p>\u2013 Cookies d\u2019analyse : Ce sont ceux qui, qu\u2019ils soient trait\u00e9s par nous ou par des tiers, nous permettent de quantifier le nombre d\u2019utilisateurs et d\u2019effectuer ainsi la mesure et l\u2019analyse statistique de l\u2019utilisation faite par les utilisateurs du service offert. Pour ce faire, votre navigation sur notre site est analys\u00e9e afin d\u2019am\u00e9liorer l\u2019offre de produits ou services que nous vous proposons.<\/p>\n<p>\u2013 Cookies de tiers : Le site Web POLYPAL peut utiliser des services de tiers qui, collectent des informations \u00e0 des fins statistiques, pour l\u2019utilisation du Site par l\u2019utilisateur et pour la fourniture d\u2019autres services li\u00e9s \u00e0 l\u2019activit\u00e9 du Site et d\u2019autres services Internet.<\/p>\n<p>En particulier, ce site Web utilise Google Analytics, un service d\u2019analyse Web fourni par Google, Inc. bas\u00e9 aux \u00c9tats-Unis. Pour fournir ces services, ils utilisent des cookies qui collectent des informations, y compris l\u2019adresse IP de l\u2019utilisateur, qui seront transmises, trait\u00e9es et stock\u00e9es par Google dans les conditions d\u00e9finies dans le Web Google.com. Ceci inclut la transmission \u00e9ventuelle de ces informations \u00e0 des tiers pour des raisons l\u00e9gales ou lorsque ces tiers traitent ces informations pour le compte de Google.<\/p>\n<\/div>\n<\/div>\n<p><span data-contrast=\"auto\">Cookies internes<\/span><\/p>\n<p>&nbsp;<\/p>\n<table style=\"width: 99.8349%;\">\n<tbody>\n<tr>\n<td style=\"width: 11.6607%;\"><span data-contrast=\"none\">Origine<\/span><\/td>\n<td style=\"width: 15.3535%;\"><span data-contrast=\"none\">Nom<\/span><\/td>\n<td style=\"width: 138.282%;\"><span data-contrast=\"auto\">Objet<\/span><span data-contrast=\"auto\">\u00a0<\/span><\/td>\n<\/tr>\n<tr>\n<td style=\"width: 11.6607%;\"><span data-contrast=\"none\">Polypal<\/span><\/td>\n<td style=\"width: 15.3535%;\"><span data-contrast=\"none\">moove_gdpr_popup<\/span><\/td>\n<td style=\"width: 138.282%;\"><span data-contrast=\"auto\">Cookie\u00a0utilis\u00e9\u00a0pour\u00a0s&rsquo;assurer\u00a0que\u00a0l&rsquo;utilisateur\u00a0respecte la\u00a0politique\u00a0de\u00a0confidentialit\u00e9.<\/span><span data-contrast=\"auto\">\u00a0<\/span><\/p>\n<p>&nbsp;<\/td>\n<\/tr>\n<\/tbody>\n<\/table>\n<p>&nbsp;<\/p>\n<p><span data-contrast=\"none\">\u00a0<\/span><span data-contrast=\"none\">Cookies\u00a0tiers<\/span><\/p>\n<p>&nbsp;<\/p>\n<table style=\"width: 100.004%;\">\n<tbody>\n<tr>\n<td style=\"width: 11.6485%;\"><span data-contrast=\"none\">Origine<\/span><\/td>\n<td style=\"width: 15.4444%;\"><span data-contrast=\"none\">Nom<\/span><\/td>\n<td style=\"width: 802.74%;\"><span data-contrast=\"auto\">Objet\u00a0<\/span><\/td>\n<\/tr>\n<\/tbody>\n<\/table>\n<table style=\"width: 100%; height: 246px;\">\n<tbody>\n<tr style=\"height: 128px;\">\n<td style=\"width: 11.5301%; height: 128px;\"><span data-contrast=\"none\">Google<\/span><\/td>\n<td style=\"width: 15.3734%; height: 128px;\"><span data-contrast=\"none\">_ga, _ga_&lt;container-id&gt;<\/span><\/td>\n<td style=\"width: 72.2988%; height: 128px;\"><span data-contrast=\"none\">Nous\u00a0utilisons\u00a0des cookies Google\u00a0Analytics\u00a0pour\u00a0collecter\u00a0des\u00a0donn\u00e9es\u00a0sur la\u00a0fa\u00e7on\u00a0dont\u00a0les\u00a0utilisateurs\u00a0naviguent\u00a0sur\u00a0notre\u00a0site web. De\u00a0cette\u00a0mani\u00e8re,\u00a0nous\u00a0sommes\u00a0en mesure de\u00a0g\u00e9n\u00e9rer\u00a0des\u00a0rapports\u00a0et\u00a0d&rsquo;optimiser\u00a0l&rsquo;exp\u00e9rience\u00a0de\u00a0l&rsquo;utilisateur. Les cookies\u00a0collectent\u00a0des\u00a0informations\u00a0de\u00a0mani\u00e8re\u00a0anonyme,\u00a0notamment\u00a0sur le nombre de\u00a0visiteurs,\u00a0leur\u00a0provenance\u00a0et les\u00a0pages\u00a0visit\u00e9es\u00a0sur\u00a0notre\u00a0site web.\u00a0\u00a0<\/span><\/td>\n<\/tr>\n<tr style=\"height: 71px;\">\n<td style=\"width: 11.5301%; height: 71px;\"><span data-contrast=\"none\">Google<\/span><\/td>\n<td style=\"width: 15.3734%; height: 71px;\"><span data-contrast=\"none\">_grecaptcha<\/span><\/td>\n<td style=\"width: 72.2988%; height: 71px;\"><span data-contrast=\"auto\">Nous\u00a0utilisons\u00a0Google\u00a0reCaptcha\u00a0pour\u00a0minimiser\u00a0les risques\u00a0potentiels\u00a0que\u00a0pourrait\u00a0avoir\u00a0notre\u00a0site Web et\u00a0pour\u00a0prot\u00e9ger\u00a0nos\u00a0formulaires\u00a0contre\u00a0des spams\u00a0\u00e9ventuels.<\/span><span data-contrast=\"auto\">\u00a0<\/span><\/td>\n<\/tr>\n<tr style=\"height: 47px;\">\n<td style=\"width: 11.5301%; height: 47px;\"><span data-contrast=\"none\">Emoji\u00a0Settings<\/span><\/td>\n<td style=\"width: 15.3734%; height: 47px;\"><span data-contrast=\"none\">wpEmojiSettingsSupports<\/span><\/td>\n<td style=\"width: 72.2988%; height: 47px;\"><span data-contrast=\"auto\">Ce cookie\u00a0nous\u00a0permet\u00a0d&rsquo;utiliser\u00a0des emoji sur\u00a0notre\u00a0site WEB.<\/span><\/td>\n<\/tr>\n<\/tbody>\n<\/table>\n<p>&nbsp;<\/p>\n<div class=\"typography typography--body content text-block__content li-style\">\n<div>\n<p>En utilisant ce Site, l\u2019Utilisateur accepte express\u00e9ment le traitement des informations recueillies de la mani\u00e8re et aux fins d\u00e9crites ci-dessus. Vous reconnaissez \u00e9galement que vous pouvez refuser le traitement de ces donn\u00e9es ou informations en refusant l\u2019utilisation de cookies en s\u00e9lectionnant le bouton<br \/>\nles param\u00e8tres appropri\u00e9s \u00e0 cet effet dans votre navigateur. Bien que cette option de blocage des cookies dans votre navigateur peut ne pas vous permettre d\u2019utiliser pleinement toutes les fonctions du site Web.<\/p>\n<p>Vous pouvez autoriser, bloquer ou supprimer les cookies install\u00e9s sur votre ordinateur en configurant les options de votre navigateur :<\/p>\n<ul>\n<li><a href=\"https:\/\/support.google.com\/chrome\/answer\/95647?hl=fr\" target=\"_blank\" rel=\"noopener\">Chrome<\/a><\/li>\n<li><a href=\"https:\/\/support.microsoft.com\/fr-fr\/hub\/4338813\/windows-help?os=windows-7\" target=\"_blank\" rel=\"noopener\">Explorateur<\/a><\/li>\n<li><a href=\"https:\/\/support.mozilla.org\/fr\/kb\/protection-renforcee-contre-pistage-firefox-ordinateur?redirectlocale=fr&amp;redirectslug=autoriser-bloquer-cookies-preferences-sites\" target=\"_blank\" rel=\"noopener\">Firefox<\/a><\/li>\n<li><a href=\"https:\/\/support.apple.com\/fr-fr\/guide\/safari\/sfri11471\/mac\" target=\"_blank\" rel=\"noopener\">Safari<\/a><\/li>\n<\/ul>\n<p>Si vous avez des questions concernant cette politique de cookies, vous pouvez contacter POLYPAL au +34 94 621 05 00 ou protecciondatos@polypal.com<\/p>\n<\/div>\n<\/div>\n<\/div>\n<p>&nbsp;<\/p>\n<p>&nbsp;<\/p>\n","protected":false},"excerpt":{"rendered":"<p>&nbsp; Un cookie est un fichier qui est t\u00e9l\u00e9charg\u00e9 sur votre ordinateur lorsque vous acc\u00e9dez \u00e0 certaines pages Web. Les cookies permettent \u00e0 un site Web, entre autres, de stocker et de r\u00e9cup\u00e9rer des informations sur les habitudes de navigation d\u2019un utilisateur ou de son ordinateur et, selon les informations qu\u2019ils contiennent et la fa\u00e7on [&hellip;]<\/p>\n","protected":false},"author":1,"featured_media":0,"parent":0,"menu_order":0,"comment_status":"closed","ping_status":"closed","template":"","meta":{"content-type":"","footnotes":""},"class_list":["post-10484","page","type-page","status-publish","hentry"],"_links":{"self":[{"href":"https:\/\/www.polypal.com\/fr\/wp-json\/wp\/v2\/pages\/10484","targetHints":{"allow":["GET"]}}],"collection":[{"href":"https:\/\/www.polypal.com\/fr\/wp-json\/wp\/v2\/pages"}],"about":[{"href":"https:\/\/www.polypal.com\/fr\/wp-json\/wp\/v2\/types\/page"}],"author":[{"embeddable":true,"href":"https:\/\/www.polypal.com\/fr\/wp-json\/wp\/v2\/users\/1"}],"replies":[{"embeddable":true,"href":"https:\/\/www.polypal.com\/fr\/wp-json\/wp\/v2\/comments?post=10484"}],"version-history":[{"count":0,"href":"https:\/\/www.polypal.com\/fr\/wp-json\/wp\/v2\/pages\/10484\/revisions"}],"wp:attachment":[{"href":"https:\/\/www.polypal.com\/fr\/wp-json\/wp\/v2\/media?parent=10484"}],"curies":[{"name":"wp","href":"https:\/\/api.w.org\/{rel}","templated":true}]}}