{"id":10485,"date":"2018-11-15T11:04:08","date_gmt":"2018-11-15T10:04:08","guid":{"rendered":"http:\/\/polypal.com\/politique-de-confidentialite"},"modified":"2024-01-29T08:37:16","modified_gmt":"2024-01-29T07:37:16","slug":"politique-de-confidentialite","status":"publish","type":"page","link":"https:\/\/www.polypal.com\/fr\/politique-de-confidentialite\/","title":{"rendered":"Politique de confidentialit\u00e9"},"content":{"rendered":"<div class=\"text-block\">\n<div class=\"typography typography--body content text-block__content\">\n<div>\n<p>&nbsp;<\/p>\n<p>Chez POLYPAL STORAGE SYSTEMS, S.A. (ci-apr\u00e8s POLYPAL) nous prennons tr\u00e8s au s\u00e9rieux les donn\u00e9es personnelles que vous nous fournissez lors de l\u2019utilisation de nos services et nous nous engageons s\u00e9curiser vos donn\u00e9es personnelles.<br \/>\nConform\u00e9ment au R\u00e8glement europ\u00e9en 2016\/679 du Parlement europ\u00e9en et du Conseil du 27 avril 2016, le R\u00e8glement g\u00e9n\u00e9ral sur la protection des donn\u00e9es de l\u2019Union europ\u00e9enne, POLYPAL vous informe.<\/p>\n<p>Qui est responsable du traitement de vos donn\u00e9es et du site web POLYPAL ?<br \/>\nLe responsable du traitement des donn\u00e9es est POLYPAL STORAGE SYSTEMS, S.A.U. avec CIF A48007223 et adresse \u00e0 Bidebarrieta 1-A de Iurreta \u00e0 Bizkaia. Le num\u00e9ro de t\u00e9l\u00e9phone \u00e0 contacter est le 94 621 05 00. Vous pouvez nous contacter \u00e0 l\u2019adresse e-mail :<br \/>\nprotecciondatos@polypal.com<\/p>\n<p>A quelles fins traitons-nous vos donn\u00e9es ?<br \/>\nLes donn\u00e9es personnelles que, le cas \u00e9ch\u00e9ant, vous aurez fournies en tant que Client \u00e0 travers les formulaires du site, toujours limit\u00e9es aux donn\u00e9es de contact professionnel, seront enregistr\u00e9es dans une base appartenant \u00e0 POLYPAL ayant pour objet :<br \/>\nla gestion et le contr\u00f4le des Soci\u00e9t\u00e9s inscrites sur la Page Web POLYPAL<br \/>\nune navigation et une utilisation correcte de la Page Web POLYPAL<br \/>\nla gestion des demandes et consultations effectu\u00e9es, ainsi que les relations commerciales qui peuvent exister avec POLYPAL<br \/>\nla gestion et l\u2019envoi des communications commerciales demand\u00e9es et\/ou autoris\u00e9es<\/p>\n<p>En tant que client, vous garantissez la v\u00e9racit\u00e9 des donn\u00e9es fournies, ce qui vous rend express\u00e9ment responsable des cons\u00e9quences qui pourraient en cas de d\u2019informations erron\u00e9es.<br \/>\nLes donn\u00e9es seront conserv\u00e9es le temps n\u00e9cessaire pour atteindre l\u2019objectif pour lequel elles ont \u00e9t\u00e9 fournies \u00e0 POLYPAL, ainsi que pour r\u00e9pondre aux responsabilit\u00e9s de POLYPAL qui peuvent r\u00e9sulter des donn\u00e9es fournies ou de toute autre exigence l\u00e9gale. Tant que vous ne demandez pas votre annulation, il sera entendu que vous continuez \u00e0 \u00eatre int\u00e9ress\u00e9 par POLYPAL pour vous tenir inform\u00e9 de ses activit\u00e9s et services.<\/p>\n<p>Quelle est la l\u00e9gitimit\u00e9 du traitement de vos donn\u00e9es ?<br \/>\nLa base l\u00e9gale pour le traitement de vos donn\u00e9es est le respect des obligations l\u00e9gales et contractuelles correspondant \u00e0 POLYPAL pour la fourniture des services que vous demandez en tant que Client, et l\u2019attention port\u00e9e \u00e0 vos demandes d\u2019informations et\/ou offres, ainsi que votre int\u00e9r\u00eat l\u00e9gitime \u00e0 disposer des informations pertinentes en tant que Client pour le d\u00e9veloppement des activit\u00e9s commerciales.<\/p>\n<p>A quels destinataires vos donn\u00e9es seront-elles communiqu\u00e9es ?<br \/>\nPOLYPAL peut communiquer les donn\u00e9es aux administrations et organismes publics, juges et tribunaux de tout ordre et degr\u00e9 \u00e0 l\u2019occasion du respect des obligations l\u00e9gales correspondantes.<br \/>\nDe m\u00eame, POLYPAL peut communiquer les donn\u00e9es aux Fournisseurs partenaires der POLYPAL dans le cadre des finalit\u00e9s de traitements indiqu\u00e9es.<br \/>\nLes donn\u00e9es de gestion peuvent \u00e9galement \u00eatre communiqu\u00e9es \u00e0 la soci\u00e9t\u00e9 m\u00e8re WHITTAN GROUP, bas\u00e9e \u00e0 Halesfield 6 \u2013 Telford \u2013 Shropshire -TF7 4LN England, dont les informations sont disponibles sur www.whittan-storage.com Une telle communication peut avoir lieu \u00e0 partir du moment o\u00f9 vous donnez votre consentement et acceptez cette politique de confidentialit\u00e9.<br \/>\nLes coordonn\u00e9es de votre Soci\u00e9t\u00e9, sauf si au moment de l\u2019inscription vous avez express\u00e9ment oppos\u00e9 votre refus en cochant la case correspondante, pourront \u00eatre utilis\u00e9es pour vous informer \u00e0 des fins promotionnelles, y compris par voie \u00e9lectronique, de tout produit, service ou activit\u00e9 pouvant \u00eatre propos\u00e9 par POLYPAL. POLYPAL a adopt\u00e9 les mesures techniques et organisationnelles n\u00e9cessaires pour garantir la s\u00e9curit\u00e9 et l\u2019int\u00e9grit\u00e9 des donn\u00e9es, ainsi que pour \u00e9viter leur alt\u00e9ration, perte et traitement ou acc\u00e8s non autoris\u00e9.<br \/>\nEn tant que Client, vous devez communiquer \u00e0 POLYPAL, dans les meilleurs d\u00e9lais, les incidents dont vous avez connaissance pour en assurer la bonne gestion. On entend par incident toute anomalie qui affecte ou pourrait affecter la s\u00e9curit\u00e9 des donn\u00e9es personnelles contenues dans la page Web.<\/p>\n<p>Quels sont vos droits lorsque vous nous fournissez vos donn\u00e9es ?<br \/>\nEn tant que Client, afin d\u2019exercer vos droits en mati\u00e8re de protection des donn\u00e9es personnelles, de droit d\u2019acc\u00e8s, de rectification, de suppression, d\u2019opposition, de limitation de leur traitement, de portabilit\u00e9 et de r\u00e9vocation du consentement donn\u00e9 \u00e0 leur traitement, sans pr\u00e9judice de la l\u00e9galit\u00e9 du traitement fond\u00e9 sur le consentement pr\u00e9alable \u00e0 son retrait, vous pouvez envoyer la demande par e-mail \u00e0 protecciondatos@polypal.com ou envoyer une communication \u00e9crite \u00e0 l\u2019adresse suivante :<\/p>\n<p>POLYPAL STORAGE SYSTEMS, S.A.U. \u2013 Protection des donn\u00e9es,<br \/>\nBidebarrieta Street 1<br \/>\n48215 Iurreta \u2013 BIZKAIA<br \/>\nen joignant dans tous les cas une copie du document prouvant leur identit\u00e9.<\/p>\n<p>Si vous estimez que vos droits n\u2019ont pas \u00e9t\u00e9 d\u00fbment respect\u00e9s ou que vous estimez que vos donn\u00e9es ne sont pas trait\u00e9es correctement, vous pouvez adresser vos r\u00e9clamations \u00e0 l\u2019Agence espagnole de protection des donn\u00e9es, www.agpd.es<\/p>\n<\/div>\n<\/div>\n<\/div>\n<p>&nbsp;<\/p>\n<p>&nbsp;<\/p>\n","protected":false},"excerpt":{"rendered":"<p>&nbsp; Chez POLYPAL STORAGE SYSTEMS, S.A. (ci-apr\u00e8s POLYPAL) nous prennons tr\u00e8s au s\u00e9rieux les donn\u00e9es personnelles que vous nous fournissez lors de l\u2019utilisation de nos services et nous nous engageons s\u00e9curiser vos donn\u00e9es personnelles. Conform\u00e9ment au R\u00e8glement europ\u00e9en 2016\/679 du Parlement europ\u00e9en et du Conseil du 27 avril 2016, le R\u00e8glement g\u00e9n\u00e9ral sur la protection [&hellip;]<\/p>\n","protected":false},"author":1,"featured_media":0,"parent":0,"menu_order":0,"comment_status":"closed","ping_status":"open","template":"","meta":{"content-type":"","footnotes":""},"class_list":["post-10485","page","type-page","status-publish","hentry"],"_links":{"self":[{"href":"https:\/\/www.polypal.com\/fr\/wp-json\/wp\/v2\/pages\/10485","targetHints":{"allow":["GET"]}}],"collection":[{"href":"https:\/\/www.polypal.com\/fr\/wp-json\/wp\/v2\/pages"}],"about":[{"href":"https:\/\/www.polypal.com\/fr\/wp-json\/wp\/v2\/types\/page"}],"author":[{"embeddable":true,"href":"https:\/\/www.polypal.com\/fr\/wp-json\/wp\/v2\/users\/1"}],"replies":[{"embeddable":true,"href":"https:\/\/www.polypal.com\/fr\/wp-json\/wp\/v2\/comments?post=10485"}],"version-history":[{"count":0,"href":"https:\/\/www.polypal.com\/fr\/wp-json\/wp\/v2\/pages\/10485\/revisions"}],"wp:attachment":[{"href":"https:\/\/www.polypal.com\/fr\/wp-json\/wp\/v2\/media?parent=10485"}],"curies":[{"name":"wp","href":"https:\/\/api.w.org\/{rel}","templated":true}]}}