{"id":33821,"date":"2024-11-22T11:38:54","date_gmt":"2024-11-22T10:38:54","guid":{"rendered":"https:\/\/www.polypal.com\/foire-aux-questions\/"},"modified":"2025-07-24T14:26:41","modified_gmt":"2025-07-24T12:26:41","slug":"foire-aux-questions","status":"publish","type":"page","link":"https:\/\/www.polypal.com\/fr\/foire-aux-questions\/","title":{"rendered":"Foire aux questions"},"content":{"rendered":"<p>&nbsp;<\/p>\n<p>&nbsp;<\/p>\n<table style=\"width: 58.7922%; height: 2721px;\" width=\"638\">\n<tbody>\n<tr style=\"height: 66px;\">\n<td style=\"width: 100%; height: 66px;\" width=\"638\"><strong>1. Quels sont les syst\u00e8mes de stockage industriels que propose POLYPAL, et quels sont ceux qui conviennent le mieux \u00e0 mon entrep\u00f4t?<\/strong><\/td>\n<\/tr>\n<tr style=\"height: 192px;\">\n<td style=\"width: 100%; height: 192px;\" width=\"638\">Nous proposons une large gamme de rayonnages :<\/p>\n<ul style=\"list-style-type: circle;\">\n<li>Rayonnage pour charges palettis\u00e9es: rayonnage \u00e0 palettes sur-mesure, rayonnage all\u00e9es \u00e9troites, rayonnage \u00e0 palette par accumulation, pallet shuttle, rayonnage dynamique, rayonnage mobiles&#8230;<\/li>\n<li>Rayonnage pour picking: rayonnage pour charges mi-lourdes ou l\u00e9g\u00e8res.<\/li>\n<li>Cantilever<\/li>\n<\/ul>\n<p>Le choix du syst\u00e8me d\u00e9pend du type de charge, de l&rsquo;espace disponible et du flux de travail dans l&rsquo;entrep\u00f4t. Notre \u00e9quipe technique analyse vos besoins logistiques et op\u00e9rationnels afin de vous recommander la solution qui optimisera utilisera au mieux l&rsquo;espace et les op\u00e9rations logistiques dans votre entrep\u00f4t.<\/td>\n<\/tr>\n<tr style=\"height: 24px;\">\n<td style=\"width: 100%; height: 24px;\"><\/td>\n<\/tr>\n<tr style=\"height: 39px;\">\n<td style=\"width: 100%; height: 39px;\"><strong>2. Quels sont les facteurs \u00e0 prendre en compte pour choisir le type de rayonnage ?<\/strong><\/td>\n<\/tr>\n<tr style=\"height: 72px;\">\n<td style=\"width: 100%; height: 72px;\" width=\"638\">Il est essentiel de conna\u00eetre de poids et les dimensions des produits \u00e0 stocker, la charge unitaire, le flux de rotation et le type de manutention utilis\u00e9 dans l&rsquo;entrep\u00f4t.<br \/>\nNotre \u00e9quipe technique vous conseille sur le syst\u00e8me de stockage le mieux adapt\u00e9 \u00e0 vos besoins.<\/td>\n<\/tr>\n<tr style=\"height: 24px;\">\n<td style=\"width: 100%; height: 24px;\"><\/td>\n<\/tr>\n<tr style=\"height: 43px;\">\n<td style=\"width: 100%; height: 43px;\"><strong>3. Comment puis-je garantir la s\u00e9curit\u00e9 de mes rayonnages?<\/strong><\/td>\n<\/tr>\n<tr style=\"height: 120px;\">\n<td style=\"width: 100%; height: 120px;\" width=\"638\">La s\u00e9curit\u00e9 est notre priorit\u00e9. Nos rayonnages sont conformes aux normes de qualit\u00e9 les plus strictes et aux r\u00e9glementations europ\u00e9ennes. En outre, nous fournissons des accessoires de s\u00e9curit\u00e9 qui peuvent \u00eatre install\u00e9s sur les rayonnages afin de minimiser les impacts accidentels caus\u00e9s par les engins de manutention. Nous proposons \u00e9galement un service d&rsquo;inspection des rayonnages qui nous permet d&rsquo;\u00e9valuer et de maintenir l&rsquo;int\u00e9grit\u00e9 structurelle, garantissant ainsi la protection des op\u00e9rateurs et des marchandises stock\u00e9es.<\/td>\n<\/tr>\n<tr style=\"height: 24px;\">\n<td style=\"width: 100%; height: 24px;\"><\/td>\n<\/tr>\n<tr style=\"height: 45px;\">\n<td style=\"width: 100%; height: 45px;\"><strong>4. Quelle maintenance pour un fonctionnement optimal des\u00a0 rayonnages et les mezzanines?<\/strong><\/td>\n<\/tr>\n<tr style=\"height: 120px;\">\n<td style=\"width: 100%; height: 120px;\" width=\"638\">Les rayonnages doivent faire l&rsquo;objet d&rsquo;une maintenance pr\u00e9ventive, comprenant des<br \/>\ninspections p\u00e9riodiques de la structure avec une \u00e9valuation de l&rsquo;usure et des dommages, prestation assur\u00e9e par nos experts.<br \/>\nUne maintenance appropri\u00e9e garantit l&rsquo;efficacit\u00e9 et la s\u00e9curit\u00e9 maximales du syst\u00e8me, et prolonge l&rsquo;investissement r\u00e9alis\u00e9.<\/td>\n<\/tr>\n<tr style=\"height: 24px;\">\n<td style=\"width: 100%; height: 24px;\"><\/td>\n<\/tr>\n<tr style=\"height: 41px;\">\n<td style=\"width: 100%; height: 41px;\"><strong>5. Comment adaptez-vous vos syst\u00e8mes de stockage aux besoins de chaque client?<\/strong><\/td>\n<\/tr>\n<tr style=\"height: 96px;\">\n<td style=\"width: 100%; height: 96px;\" width=\"638\">Nous concevons des solutions personnalis\u00e9es apr\u00e8s avoir effectu\u00e9 une analyse<br \/>\napprofondie de l&rsquo;espace disponible, des types de produits \u00e0 stocker et des activit\u00e9s de l&rsquo;entrep\u00f4t. Notre \u00e9quipe technique collabore avec vous pour garantir que le syst\u00e8me de stockage choisi optimisera l&rsquo;utilisation de l&rsquo;espace et les op\u00e9rations quotidiennes de votre entrep\u00f4t.<\/td>\n<\/tr>\n<tr style=\"height: 24px;\">\n<td style=\"width: 100%; height: 24px;\"><\/td>\n<\/tr>\n<tr style=\"height: 40px;\">\n<td style=\"width: 100%; height: 40px;\"><strong>6. Proposez-vous le montage de vos syst\u00e8mes de stockage?<\/strong><\/td>\n<\/tr>\n<tr style=\"height: 144px;\">\n<td style=\"width: 100%; height: 144px;\" width=\"638\">Oui, nous disposons d&rsquo;\u00e9quipes de montage professionnelles sp\u00e9cialis\u00e9es dans l&rsquo;installation de tous types de rayonnages et de mezzanines. De plus, nous contr\u00f4lons le processus d&rsquo;installation du d\u00e9but \u00e0 la fin. La garantie de nos syst\u00e8mes de stockage est directement li\u00e9e \u00e0 l&rsquo;installation r\u00e9alis\u00e9e par nos \u00e9quipes professionnelles, ce qui garantit que l&rsquo;installation r\u00e9pond aux normes de qualit\u00e9 et de s\u00e9curit\u00e9 que nous proposons. Nous effectuons des audits sur le site d&rsquo;installation afin de garantir un montage correct et de veiller \u00e0 ce que les r\u00e9glementations soient toujours respect\u00e9es.<\/td>\n<\/tr>\n<tr style=\"height: 24px;\">\n<td style=\"width: 100%; height: 24px;\"><\/td>\n<\/tr>\n<tr style=\"height: 38px;\">\n<td style=\"width: 100%; height: 38px;\"><strong>7. Quels sont les syst\u00e8mes de stockage qui permettent une meilleure utilisation de l&rsquo;espace?<\/strong><\/td>\n<\/tr>\n<tr style=\"height: 72px;\">\n<td style=\"width: 100%; height: 72px;\" width=\"638\">Les mezzanines et les syst\u00e8mes compacts, tels que les rayonnages \u00e0 accumulation<br \/>\nou \u00e0 palettes, maximisent l&rsquo;utilisation de l&rsquo;espace disponible et optimisent le flux logistique, ce qui permet une plus grande utilisation du volume par rapport \u00e0 d&rsquo;autres types de rayonnages.<\/td>\n<\/tr>\n<tr style=\"height: 24px;\">\n<td style=\"width: 100%; height: 24px;\"><\/td>\n<\/tr>\n<tr style=\"height: 38px;\">\n<td style=\"width: 100%; height: 38px;\"><strong>8. Quels sont les avantages d&rsquo;une mezzanine dans mon entrep\u00f4t?<\/strong><\/td>\n<\/tr>\n<tr style=\"height: 96px;\">\n<td style=\"width: 100%; height: 96px;\" width=\"638\">Les mezzanines vous permettent d\u2019exploiter l\u2019espace vertical de votre entrep\u00f4t,<br \/>\nusine ou local sans avoir besoin de travaux de construction. Elles sont id\u00e9ales pour augmenter la capacit\u00e9 de stockage, ajouter de nouvelles zones de travail ou int\u00e9grer des zones de picking. La structure des mezzanines POLYPAL est enti\u00e8rement d\u00e9montable, rendant possible toute modification, extension ou relocalisation.<\/td>\n<\/tr>\n<tr style=\"height: 24px;\">\n<td style=\"width: 100%; height: 24px;\"><\/td>\n<\/tr>\n<tr style=\"height: 42px;\">\n<td style=\"width: 100%; height: 42px;\"><strong>9. Combien de temps faut-il pour installer des rayonnages ou une mezzanine?<\/strong><\/td>\n<\/tr>\n<tr style=\"height: 72px;\">\n<td style=\"width: 100%; height: 72px;\" width=\"638\">Le temps de montage varie en fonction de la taille et de la complexit\u00e9 du syst\u00e8me.<br \/>\nApr\u00e8s une \u00e9tude technique, notre \u00e9quipe fournira une estimation du d\u00e9lai d&rsquo;ex\u00e9cution. Nous veillons \u00e0 ce que l&rsquo;installation soit simple et rapide, sans perturber les activit\u00e9s de votre entrep\u00f4t.<\/td>\n<\/tr>\n<tr style=\"height: 24px;\">\n<td style=\"width: 100%; height: 24px;\"><\/td>\n<\/tr>\n<tr style=\"height: 64px;\">\n<td style=\"width: 100%; height: 64px;\" width=\"638\"><strong>10. Proposez-vous des conseils pour r\u00e9organiser ou repenser le syst\u00e8me de stockage<\/strong><br \/>\n<strong>de mon entrep\u00f4t?<\/strong><\/td>\n<\/tr>\n<tr style=\"height: 48px;\">\n<td style=\"width: 100%; height: 48px;\" width=\"638\">Oui, nos experts peuvent vous conseiller sur la r\u00e9organisation de votre espace de stockage. Nous r\u00e9alisons des audits afin de vous proposer des am\u00e9liorations et optimiser l&rsquo;utilisation de votre entrep\u00f4t.<\/td>\n<\/tr>\n<tr style=\"height: 24px;\">\n<td style=\"width: 100%; height: 24px;\"><\/td>\n<\/tr>\n<tr style=\"height: 42px;\">\n<td style=\"width: 100%; height: 42px;\"><strong>11. Proposez-vous des services de conseil avant la commande?<\/strong><\/td>\n<\/tr>\n<tr style=\"height: 72px;\">\n<td style=\"width: 100%; height: 72px;\" width=\"638\">Oui, nous conseillons nos clients avant la commande afin de comprendre chaque besoin.<br \/>\nNotre \u00e9quipe analyse l&rsquo;espace disponible et les exigences en mati\u00e8re de logistique<br \/>\npour recommander la solution de stockage la plus appropri\u00e9e.<\/td>\n<\/tr>\n<tr style=\"height: 24px;\">\n<td style=\"width: 100%; height: 24px;\"><\/td>\n<\/tr>\n<tr style=\"height: 48px;\">\n<td style=\"width: 100%; height: 62px;\" width=\"638\"><strong>12. Est-il possible de former le personnel de mon entreprise \u00e0 la bonne utilisation des syst\u00e8mes<\/strong><br \/>\n<strong>de stockage?<\/strong><\/td>\n<\/tr>\n<tr style=\"height: 96px;\">\n<td style=\"width: 100%; height: 96px;\" width=\"638\">Oui, nous proposons des formations pour votre \u00e9quipe sur l&rsquo;utilisation s\u00fbre et efficace<br \/>\nde nos syst\u00e8mes de stockage, la pr\u00e9vention et la s\u00e9curit\u00e9 dans le d\u00e9roulement des op\u00e9rations, et des directives pour la d\u00e9tection et l&rsquo;\u00e9valuation des dommages.<br \/>\nLes formations contribuent \u00e0 prolonger la dur\u00e9e de vie du syst\u00e8me de stockage.<\/td>\n<\/tr>\n<tr style=\"height: 24px;\">\n<td style=\"width: 100%; height: 24px;\"><\/td>\n<\/tr>\n<tr style=\"height: 37px;\">\n<td style=\"width: 100%; height: 37px;\"><strong>13. Que type d&rsquo;assistance proposez-vous apr\u00e8s l&rsquo;installation du syst\u00e8me de stockage?<\/strong><\/td>\n<\/tr>\n<tr style=\"height: 72px;\">\n<td style=\"width: 100%; height: 72px;\" width=\"638\">Gr\u00e2ce \u00e0 notre syst\u00e8me de maintenance et de r\u00e9paration, offrons une assurance<br \/>\ncontinue apr\u00e8s l&rsquo;installation.Nous organisons des formations sur l&rsquo;utilisation correcte du<br \/>\nsyst\u00e8me de stockage et effectuons des inspections techniques des rayonnages.<\/td>\n<\/tr>\n<tr style=\"height: 24px;\">\n<td style=\"width: 100%; height: 24px;\"><\/td>\n<\/tr>\n<tr style=\"height: 40px;\">\n<td style=\"width: 100%; height: 40px;\"><strong>14. Comment des rayonnages de picking aide \u00e0 r\u00e9duire les temps de pr\u00e9paration?<\/strong><\/td>\n<\/tr>\n<tr style=\"height: 96px;\">\n<td style=\"width: 100%; height: 96px;\" width=\"638\">Les rayonnages de picking facilitent l&rsquo;organisation et l&rsquo;acc\u00e8s rapide \u00e0 des produits sp\u00e9cifiques, r\u00e9duisant ainsi le temps que les op\u00e9rateurs passent \u00e0 chercher des articles dans l&rsquo;entrep\u00f4t. Cela est particuli\u00e8rement utile dans les entrep\u00f4ts o\u00f9 le volume de commandes est \u00e9lev\u00e9, car cela permet d&rsquo;am\u00e9liorer la pr\u00e9cision de la pr\u00e9paration des commandes et d&rsquo;augmenter l&rsquo;efficacit\u00e9 op\u00e9rationnelle globale.<\/td>\n<\/tr>\n<tr style=\"height: 24px;\">\n<td style=\"width: 100%; height: 32px;\"><\/td>\n<\/tr>\n<tr style=\"height: 40px;\">\n<td style=\"width: 100%; height: 65px;\"><strong>15. Les rayonnages pour picking peuvent-ils \u00eatre combin\u00e9s avec d&rsquo;autres types de stockage industriels?<\/strong><\/td>\n<\/tr>\n<tr style=\"height: 96px;\">\n<td style=\"width: 100%; height: 96px;\" width=\"638\">Oui, les rayonnages pour picking peuvent \u00eatre install\u00e9s avec d&rsquo;autres syst\u00e8mes de<br \/>\nstockage tels que les rayonnages \u00e0 palettes ou m\u00eame les mezzanines. Cela permet d&rsquo;obtenir un syst\u00e8me mixte qui optimise l&rsquo;espace et facilite l&rsquo;organisation en fonction des besoins d&rsquo;acc\u00e8s, des types de produits et du flux de travail de l&rsquo;entrep\u00f4t.<\/td>\n<\/tr>\n<tr style=\"height: 24px;\">\n<td style=\"width: 100%; height: 24px;\"><\/td>\n<\/tr>\n<tr style=\"height: 43px;\">\n<td style=\"width: 100%; height: 67px;\"><strong>16. Quels types de rayonnages de bureau proposez-vous, et comment peuvent-ils am\u00e9liorer le classement?<\/strong><\/td>\n<\/tr>\n<tr style=\"height: 120px;\">\n<td style=\"width: 100%; height: 120px;\" width=\"638\">Nous proposons des rayonnages de bureau qui facilitent le classement des documents<br \/>\net des dossiers dans les environnements de travail. Ils sont faciles \u00e0 monter et, gr\u00e2ce \u00e0 leurs accessoires \u00e0 clipser, permettent de changer rapidement de configuration. La gamme d&rsquo;accessoires comprend des tiroirs, des porte-dossiers et tiroirs coulissants, des s\u00e9parateurs permettant de cr\u00e9er diff\u00e9rentes sections \u00e0 l&rsquo;int\u00e9rieur d&rsquo;un bac, des barres de suspension, etc.<\/td>\n<\/tr>\n<\/tbody>\n<\/table>\n<p>&nbsp;<\/p>\n<p>&nbsp;<\/p>\n<p>&nbsp;<\/p>\n","protected":false},"excerpt":{"rendered":"<p>&nbsp; &nbsp; 1. Quels sont les syst\u00e8mes de stockage industriels que propose POLYPAL, et quels sont ceux qui conviennent le mieux \u00e0 mon entrep\u00f4t? Nous proposons une large gamme de rayonnages : Rayonnage pour charges palettis\u00e9es: rayonnage \u00e0 palettes sur-mesure, rayonnage all\u00e9es \u00e9troites, rayonnage \u00e0 palette par accumulation, pallet shuttle, rayonnage dynamique, rayonnage mobiles&#8230; Rayonnage [&hellip;]<\/p>\n","protected":false},"author":4,"featured_media":0,"parent":0,"menu_order":0,"comment_status":"closed","ping_status":"closed","template":"","meta":{"content-type":"","footnotes":""},"class_list":["post-33821","page","type-page","status-publish","hentry"],"_links":{"self":[{"href":"https:\/\/www.polypal.com\/fr\/wp-json\/wp\/v2\/pages\/33821","targetHints":{"allow":["GET"]}}],"collection":[{"href":"https:\/\/www.polypal.com\/fr\/wp-json\/wp\/v2\/pages"}],"about":[{"href":"https:\/\/www.polypal.com\/fr\/wp-json\/wp\/v2\/types\/page"}],"author":[{"embeddable":true,"href":"https:\/\/www.polypal.com\/fr\/wp-json\/wp\/v2\/users\/4"}],"replies":[{"embeddable":true,"href":"https:\/\/www.polypal.com\/fr\/wp-json\/wp\/v2\/comments?post=33821"}],"version-history":[{"count":0,"href":"https:\/\/www.polypal.com\/fr\/wp-json\/wp\/v2\/pages\/33821\/revisions"}],"wp:attachment":[{"href":"https:\/\/www.polypal.com\/fr\/wp-json\/wp\/v2\/media?parent=33821"}],"curies":[{"name":"wp","href":"https:\/\/api.w.org\/{rel}","templated":true}]}}